{"id":1344,"date":"2017-10-18T16:41:21","date_gmt":"2017-10-18T15:41:21","guid":{"rendered":"http:\/\/www.fkasyl.de\/?page_id=1344"},"modified":"2024-10-24T12:53:05","modified_gmt":"2024-10-24T10:53:05","slug":"unsere-partner-netzwerk","status":"publish","type":"page","link":"https:\/\/www.fkasyl.de\/?page_id=1344","title":{"rendered":"Unsere Partner &#8211; Netzwerk"},"content":{"rendered":"<p><strong>Der FKAsyl arbeitet mit folgenden Partnern zusammen und wir bedanken uns bei ihnen f\u00fcr ihre Aufgeschlossenheit, Gro\u00dfz\u00fcgigkeit und Hilfsbereitschaft! Mit uns arbeiten zusammen:<br \/>\n<\/strong><\/p>\n<p><strong>Stadt Gerlingen<br \/>\n<\/strong><\/p>\n<p><strong>Im Moment wird ein &#8222;Ehrenamtsportal&#8220; auf der Website von Gerlingen erstellt und demn\u00e4chst ver\u00f6ffentlicht.<br \/>\n<\/strong><\/p>\n<ul>\n<li>Die Mitarbeiter*innen im Amt f\u00fcr Jugend und Soziales stehen immer in engem Kontakt mit uns. Wir planen und f\u00fchren zusammen Projekte durch und tauschen uns \u00fcber die Bed\u00fcrfnisse der Fl\u00fcchtlinge aus.<\/li>\n<li>Der Gerlinger Anzeiger, der Artikel \u00fcber unseren Freundeskreis ver\u00f6ffentlicht<\/li>\n<li>Das Stadtmuseum, mit dem wir immer wieder Veranstaltungen planen und durchf\u00fchren<\/li>\n<li>Die Stadtb\u00fccherei, deren Mitarbeiterinnen immer gute Ideen haben: Bereitstellung von kostenlosem WLAN und Computern, Leserunden, Anschaffung fremdsprachiger B\u00fccher und solcher in einfachem Deutsch<\/li>\n<li>Die Gruppe &#8222;Lernbegleitung&#8220; des FKAG arbeitet mit den Schulen zusammen und bietet Hausaufgabenbetreuung an<\/li>\n<li>Die VHS bietet Kurse an f\u00fcr die Gefl\u00fcchteten, wobei wir Ehrenamtlichen sie als &#8222;Lehrerinnen&#8220; unterst\u00fctzen, sowie Integrationskurse. Es finden dort auch immer wieder interessante Veranstaltungen zu unseren Themen und z.T. unter Mitwirkung des FKAG statt.<\/li>\n<li>Die Polizeiwache Gerlingen, die sich f\u00fcr die Sicherheit der Gerlinger und der Fl\u00fcchtlinge einsetzt.&nbsp; Sie f\u00fchrt auch Informationsveranstaltungen zum deutschen Recht und dem Verhalten in Deutschland durch, z.B. zu Gewalt und Stra\u00dfenverkehrsregeln<\/li>\n<\/ul>\n<p><strong>Landratsamt, Diakonie und VHS Ludwigsburg<\/strong><\/p>\n<ul>\n<li>Wir arbeiten auch sehr eng und erfolgreich mit den Sozialarbeiter*innen des Landratsamtes zusammen.<\/li>\n<li>Auch die \u00fcbergeordneten Stellen des LA LB schicken uns immer wieder Angebote f\u00fcr Veranstaltungen und unterst\u00fctzen uns mit Rat und Tat.<\/li>\n<li>Die Diakonie f\u00fchrt Veranstaltungen, Kurse und Supervision f\u00fcr uns Ehrenamtliche durch und vernetzt die Fl\u00fcchtlingsarbeit im Landkreis, wir erhalten auch viele wertvolle Informationen.<\/li>\n<li>Die Schiller VHS LB f\u00fchrt Schulungskurse vor allem zum Sprachunterricht f\u00fcr Ehrenamtliche durch sowie Integrations- und andere Deutschkurse.<\/li>\n<\/ul>\n<p><a href=\"https:\/\/die-mitmachzentrale.info\/\"><strong>Mitmachzentrale im Hirsch<\/strong><\/a><strong>:<\/strong> Wir nutzen die R\u00e4ume f\u00fcr Besprechungen und Aktiventreffen und planen zusammen Aktionen<\/p>\n<p><strong>Kirchengemeinden in Gerlingen<\/strong><\/p>\n<p>Alle Kirchengemeinden sind bereit, uns R\u00e4ume f\u00fcr Veranstaltungen, Fortbildungen, Deutschunterricht oder Hausaufgabenbetreuung zur Verf\u00fcgung zu stellen und teilweise auch gro\u00dfz\u00fcgig die Bewirtung mit Getr\u00e4nken zu \u00fcbernehmen. Wir bekommen auch Spenden z.B aus Sammlungen im Gottesdienst. Da wir kein eingetragener Verein sind, fungieren wir als Untergruppe der ev. Petruskirche, \u00fcber die Spenden und Finanzen abgewickelt werden.<strong> <a href=\"https:\/\/www.petrus-lukas.de\/ueber-uns\/partnerschaft\">https:\/\/www.petrus-lukas.de\/ueber-uns\/partnerschaft<\/a><\/strong><\/p>\n<p><a href=\"https:\/\/www.fkasyl.de\/?page_id=1518\"><strong>Sportvereine in Gerlingen<\/strong><\/a><\/p>\n<ul>\n<li>Der KSG bietet Eltern-Kind-Turnen an<\/li>\n<li>Der FC Gerlingen hat sch einige Fl\u00fcchtlinge in seine Fu\u00dfballmannschaft aufgenommen<\/li>\n<li>Der RSV Radsportverein l\u00e4dt Fl\u00fcchtlinge zum Mitspielen ein<\/li>\n<li>Der SV organisiert Schwimmstunden speziell f\u00fcr Gefl\u00fcchtete<\/li>\n<\/ul>\n<p><a href=\"https:\/\/www.fkasyl.de\/?page_id=1525\"><strong>Kunst &#8211; und Kulturvereine in Gerlingen<\/strong><\/a><\/p>\n<ul>\n<li>Die Freie Kunstakademie Gerlingen f\u00fchrte l\u00e4ngere Zeit regelm\u00e4\u00dfig das Projekt \u201eFRIEDEN \u2013 auf die Fahnen schreiben!\u201c mit Gerlingerinnen und Fl\u00fcchtingsfrauen durch<\/li>\n<li>Die Jugendmusikschule bietet Pl\u00e4tze in Musikkursen an.<\/li>\n<\/ul>\n<p><strong>Firmen, Gesch\u00e4fte und Handwerksbetriebe<\/strong><\/p>\n<p>Wir danken allen, die uns Ausbildungs- bzw. Praktikumspl\u00e4tze und Betriebsf\u00fchrungen anbieten und unsere Arbeit mit Geld- oder Sachspenden unterst\u00fctzen!<\/p>\n<p><strong>Lokale und \u00fcberregionale Fl\u00fcchtlingskreise und -vereinigungen<\/strong><\/p>\n<p>Wr sind mit dem Fl\u00fcchtlingsrat BW, vielen Freundes- oder Arbeitskreisen Asyl in der Region vernetzt, auch mit \u00fcberregionalen, und tauschen Informationen aus.<\/p>\n","protected":false},"excerpt":{"rendered":"<p>Der FKAsyl arbeitet mit folgenden Partnern zusammen und wir bedanken uns bei ihnen f\u00fcr ihre Aufgeschlossenheit, Gro\u00dfz\u00fcgigkeit und Hilfsbereitschaft! Mit [&hellip;]<\/p>\n","protected":false},"author":16,"featured_media":0,"parent":0,"menu_order":0,"comment_status":"closed","ping_status":"closed","template":"","meta":{"ngg_post_thumbnail":0,"footnotes":""},"class_list":["post-1344","page","type-page","status-publish","hentry"],"_links":{"self":[{"href":"https:\/\/www.fkasyl.de\/index.php?rest_route=\/wp\/v2\/pages\/1344","targetHints":{"allow":["GET"]}}],"collection":[{"href":"https:\/\/www.fkasyl.de\/index.php?rest_route=\/wp\/v2\/pages"}],"about":[{"href":"https:\/\/www.fkasyl.de\/index.php?rest_route=\/wp\/v2\/types\/page"}],"author":[{"embeddable":true,"href":"https:\/\/www.fkasyl.de\/index.php?rest_route=\/wp\/v2\/users\/16"}],"replies":[{"embeddable":true,"href":"https:\/\/www.fkasyl.de\/index.php?rest_route=%2Fwp%2Fv2%2Fcomments&post=1344"}],"version-history":[{"count":25,"href":"https:\/\/www.fkasyl.de\/index.php?rest_route=\/wp\/v2\/pages\/1344\/revisions"}],"predecessor-version":[{"id":4881,"href":"https:\/\/www.fkasyl.de\/index.php?rest_route=\/wp\/v2\/pages\/1344\/revisions\/4881"}],"wp:attachment":[{"href":"https:\/\/www.fkasyl.de\/index.php?rest_route=%2Fwp%2Fv2%2Fmedia&parent=1344"}],"curies":[{"name":"wp","href":"https:\/\/api.w.org\/{rel}","templated":true}]}}