{"id":1440,"date":"2017-08-02T17:18:37","date_gmt":"2017-08-02T16:18:37","guid":{"rendered":"http:\/\/www.fkasyl.de\/?page_id=1440"},"modified":"2023-10-14T14:38:51","modified_gmt":"2023-10-14T12:38:51","slug":"deutschkurse","status":"publish","type":"page","link":"https:\/\/www.fkasyl.de\/?page_id=1440","title":{"rendered":"Deutsch lernen"},"content":{"rendered":"\n<p><strong>Neu: Zugang zu Integrationskursen ab 01.01.23<\/strong>: Seit 01.01.2023 haben <strong>alle <\/strong>Personen mit Aufenthaltsgestattung Zugang zu Integrationskursen. Es kommt nicht mehr auf das Einreisedatum oder das Herkunftsland an. Au\u00dferdem k\u00f6nnen auch Personen aus \u201esicheren Herkunftsl\u00e4ndern\u201c einen Antrag auf einen Integrationskurs stellen. Es gibt hierf\u00fcr vom <strong><a href=\"https:\/\/www.bamf.de\/DE\/Startseite\/startseite-node.html\">BAMF<\/a><\/strong> ein neues<a href=\"https:\/\/www.bamf.de\/SharedDocs\/Anlagen\/DE\/Integration\/Integrationskurse\/Kursteilnehmer\/AntraegeAlle\/630-120_antrag-zulassung-integrationskurs-ausl_pdf.pdf;jsessionid=6CA42AF3BEEDCD268F5BB0177A603DAC.intranet241?__blob=publicationFile&amp;v=22\"> <strong>Antragsformular.<\/strong><\/a> Senden Sie das ausgef\u00fcllte Formular an die Regionalstelle des BAMF: <em>Bundesamt f\u00fcr Migration und Fl\u00fcchtlinge<\/em>, <em>Wolframstra\u00dfe 62<\/em>, <em>70191 Stuttgart<\/em><\/p>\n\n\n\n<p><strong>Integrationskurs finden:<\/strong> <strong><a href=\"https:\/\/bamf-navi.bamf.de\/de\/\">https:\/\/bamf-navi.bamf.de\/de\/<\/a> &nbsp;<\/strong>, VwV-Kurs f\u00fcr<strong> Migranten mit Duldung: <\/strong>Bewerbung beim Landratsamt Ludwigsburg \u00fcber die zust\u00e4ndige Sozialarbeiter*in.<\/p>\n\n\n\n<hr class=\"wp-block-separator has-alpha-channel-opacity\"\/>\n\n\n\n<h5 class=\"wp-block-heading\">Angebote des Freundeskreises Asyl Gerlingen FKAG<\/h5>\n\n\n\n<p><strong>F\u00f6rderung durch den FKAG<\/strong> <strong>(Integrationskurse, Spezialkurse)<\/strong> : Der Freundeskreis Asyl f\u00f6rdert unter bestimmten Bedingungen motivierte Kursteilnehmer*innen ohne Berechtigungsschein. Auch das Lernmaterial \/ B\u00fccher wird zu 50% gef\u00f6rdert. Voraussetzung: hohe Lernbereitschaft sowie die regelm\u00e4\u00dfige Teilnahme am Kurs. <strong> <\/strong>Im Einzelfall k\u00f6nnen bis zu 90 % der Kurskosten vom Freundeskreis \u00fcbernommen werden. Auch <strong>Pr\u00fcfungsgeb\u00fchren<\/strong> ohne Kurs k\u00f6nnen gef\u00f6rdert werden.<\/p>\n\n\n\n<p><strong>Ehrenamtliche Lernbegleitung:<\/strong> Wir <strong>bieten<\/strong>  individuelle kostenlose Lernbegleitung beim Deutschlernen  f\u00fcr Erwachsene und Kinder sowie Unterst\u00fctzung f\u00fcr Haupt- oder Berufssch\u00fcler \/ Azubis. <strong>Dazu suchen wir laufend Ehrenamtliche!<\/strong>  Falls Sie jemanden kennen, der Lust und Zeit hat, 1-2x pro Woche einer oder mehreren Person beim Deutschlernen zu helfen \u2013 vielleicht sogar Sie selbst \u2013 , vermitteln wir das Angebot sehr gern weiter! <\/p>\n\n\n\n<p><strong>Ansprechpartnerin<\/strong> <strong>des FKAG<\/strong> f\u00fcr alle Fragen des Deutschlernens, Koordination ehrenamtlicher Deutschkurse des FKAG, Zusammenarbeit mit VHS und anderen Institutionen: Claudia Volz,  Kontakt:&nbsp; <strong><a href=\"mailto:deutschkurse@fkasyl.de\">deutschkurse@fkasyl.de<\/a><\/strong>. Falls es Bedarf an weiteren Deutschkursen oder Lernbegleitung gibt, k\u00f6nnen Sie sie kontaktieren.<\/p>\n\n\n\n<hr class=\"wp-block-separator has-alpha-channel-opacity\"\/>\n\n\n\n<h5 class=\"wp-block-heading\">Deutschkurse in Gerlingen und Online Angebote<\/h5>\n\n\n\n<p><a href=\"http:\/\/www.vhs-gerlingen.de\"><strong>VHS Gerlingen in Kooperation<\/strong><\/a> Tel. 07156 205-401, info@vhs-gerlingen.de<\/p>\n\n\n\n<p><strong><a href=\"https:\/\/www.vhs-lernportal.de\/wws\/9.php#\/wws\/apps.php\">App der VHS<\/a><\/strong>  (auch offline) und <a href=\"https:\/\/deutsch.vhs-lernportal.de\/wws\/9.php#\/wws\/deutsch.php?3071be8c0bf76f79afe5ecb27dc0d4bc\"><strong>VHS Lernportal<\/strong><\/a> , ABC, A1, A2, B1, B2-Beruf ,<strong> kostenlos<\/strong><\/p>\n\n\n\n<p><a href=\"https:\/\/www.goethe.de\/de\/spr\/ueb\/dt1.html\"><strong>Goethe-Institut:<\/strong><\/a> Deutschtrainer, Vokabeltrainer, usw. kostenfrei f\u00fcr Tablet und Smartphone<\/p>\n\n\n\n<p><strong><a href=\"https:\/\/www.dw.com\/de\/deutsch-lernen\/s-2055\">Deutsche Welle<\/a><\/strong> Deutschkurse, Infos, einfache Texte und viele Tipps<\/p>\n\n\n\n<p><strong><a href=\"https:\/\/www.kreuzwortraetsel.de\/woerterbuch-deutsch-ukrainisch-kostenloses-pdf\">Deutsch-ukrainisches W\u00f6rterbuch<\/a><\/strong><\/p>\n","protected":false},"excerpt":{"rendered":"<p>Neu: Zugang zu Integrationskursen ab 01.01.23: Seit 01.01.2023 haben alle Personen mit Aufenthaltsgestattung Zugang zu Integrationskursen. Es kommt nicht mehr [&hellip;]<\/p>\n","protected":false},"author":16,"featured_media":0,"parent":0,"menu_order":0,"comment_status":"closed","ping_status":"closed","template":"","meta":{"ngg_post_thumbnail":0,"footnotes":""},"class_list":["post-1440","page","type-page","status-publish","hentry"],"_links":{"self":[{"href":"https:\/\/www.fkasyl.de\/index.php?rest_route=\/wp\/v2\/pages\/1440","targetHints":{"allow":["GET"]}}],"collection":[{"href":"https:\/\/www.fkasyl.de\/index.php?rest_route=\/wp\/v2\/pages"}],"about":[{"href":"https:\/\/www.fkasyl.de\/index.php?rest_route=\/wp\/v2\/types\/page"}],"author":[{"embeddable":true,"href":"https:\/\/www.fkasyl.de\/index.php?rest_route=\/wp\/v2\/users\/16"}],"replies":[{"embeddable":true,"href":"https:\/\/www.fkasyl.de\/index.php?rest_route=%2Fwp%2Fv2%2Fcomments&post=1440"}],"version-history":[{"count":154,"href":"https:\/\/www.fkasyl.de\/index.php?rest_route=\/wp\/v2\/pages\/1440\/revisions"}],"predecessor-version":[{"id":4734,"href":"https:\/\/www.fkasyl.de\/index.php?rest_route=\/wp\/v2\/pages\/1440\/revisions\/4734"}],"wp:attachment":[{"href":"https:\/\/www.fkasyl.de\/index.php?rest_route=%2Fwp%2Fv2%2Fmedia&parent=1440"}],"curies":[{"name":"wp","href":"https:\/\/api.w.org\/{rel}","templated":true}]}}