{"id":1564,"date":"2017-10-08T06:15:01","date_gmt":"2017-10-08T05:15:01","guid":{"rendered":"http:\/\/www.fkasyl.de\/?page_id=1564"},"modified":"2021-05-27T10:02:24","modified_gmt":"2021-05-27T08:02:24","slug":"wie-werde-ich-ehrenamtlicher-beim-fkag","status":"publish","type":"page","link":"https:\/\/www.fkasyl.de\/?page_id=1564","title":{"rendered":"Wie werde ich Ehrenamtliche*r beim FKAG?"},"content":{"rendered":"<p>Sie haben sich sicher schon auf der Seite \u201eWas wir tun\u201c umgeschaut und sich informiert, was f\u00fcr verschiedene Angebote wir machen und welche Gebiete es gibt, in denen Sie t\u00e4tig werden k\u00f6nnten.<\/p>\n<p>Die einfachste Art, mit uns Kontakt aufzunehmen, ist eine e-Mail an die Steuerungsgruppe unter <a href=\"mailto:info@fkasyl.de\"><strong>info@fkasyl.de<\/strong>.<\/a> In der Steuerungsgruppe sind im Moment sechs Personen t\u00e4tig, die die Gebiete Arbeit und Bildung, Asylverfahren, Deutschkurse, Medienarbeit, Finanzen \/ Verwaltung und Patenschaften vertreten. Wir beraten Sie gerne telefonisch oder bei Bedarf in einem Gespr\u00e4ch! Dabei k\u00f6nnen wir kl\u00e4ren, wof\u00fcr Sie sich am ehesten interessieren und wie viel Zeit Sie investieren k\u00f6nnen.<\/p>\n<p>Der Freundeskreis Asyl arbeitet eng mit der Stadt Gerlingen zusammen, in deren Auftrag er seine T\u00e4tigkeiten ausf\u00fchrt. Deshalb bitten wir Sie, bei uns Mitglied zu werden. <strong>Damit sind Sie in Ihrer Arbeit legitimiert und auch im Rahmen Ihrer sozialen T\u00e4tigkeit versichert: <a href=\"https:\/\/www.fkasyl.de\/wp-content\/uploads\/2020\/06\/a329-unfallversichert-im-engagement.pdf\">Infoblatt des Bundesministeriums f\u00fcr Arbeit und Soziales<\/a><br \/>\n<\/strong><\/p>\n<p><strong>Die &#8222;Mitgliedschaft&#8220; ist nat\u00fcrlich kostenlos und kann jederzeit fristlos gek\u00fcndigt werden.<\/strong><\/p>\n<p>Wenn Sie die Mitgliedschaft beantragen wollen, f\u00fcllen Sie bitte unseren Profilbogen aus, in dem Sie angeben k\u00f6nnen, in welchen Bereichen und welchem Zeitaufwand Sie sich gerne einbringen m\u00f6chten, und schicken Sie diesen online an <strong><a href=\"mailto:info@fkasyl.de\">info@fkasyl.de<\/a>.<\/strong><\/p>\n<ul>\n<li><a href=\"https:\/\/www.fkasyl.de\/wp-content\/uploads\/2020\/06\/Profilbogen-Ehrenamtliche-.pdf\"><strong>Profilbogen als PDF-Datei<\/strong><\/a><\/li>\n<li><a href=\"https:\/\/www.fkasyl.de\/wp-content\/uploads\/2020\/06\/Profilbogen-Ehrenamtliche-.doc\"><strong>Profilbogen als Word-Datei<\/strong><\/a><\/li>\n<li><a href=\"https:\/\/www.fkasyl.de\/wp-content\/uploads\/2020\/06\/Profilbogen-Ehrenamtliche-.odt\"><strong>Profilbogen als Open Office-Datei<\/strong><\/a><\/li>\n<\/ul>\n<p align=\"JUSTIFY\">Ehrenamtlichen Helferinnen und Helfern sollte bewusst sein, dass die von ihnen betreuten Fl\u00fcchtlinge in vielerlei Hinsicht gerade auch emotional bed\u00fcrftig sind. Insbesondere der direkte Kontakt verlangt eine achtsame und verantwortliche Haltung. Deshalb bitten wir alle Helferinnen und Helfer, die nachstehende Erkl\u00e4rung auszuf\u00fcllen und zu unterzeichnen.<\/p>\n<ul>\n<li><a href=\"https:\/\/www.fkasyl.de\/wp-content\/uploads\/2019\/02\/Erkl\u00e4rung_der_Ehrenamtlichen.pdf\"><strong>Erkl\u00e4rung der Ehrenamtlichen als PDF-Datei<\/strong><\/a><\/li>\n<li><a href=\"https:\/\/www.fkasyl.de\/wp-content\/uploads\/2019\/02\/Erkl\u00e4rung_der_Ehrenamtlichen.doc\"><strong>Erkl\u00e4ru<\/strong><strong>ng der Ehrenamtlichen als Word-Datei<\/strong><\/a><\/li>\n<li><a href=\"https:\/\/www.fkasyl.de\/wp-content\/uploads\/2019\/02\/Erkl\u00e4rung_der_Ehrenamtlichen.odt\"><strong>Erkl\u00e4rung der Ehrenamtlichen als Open Office-Datei<\/strong><\/a><\/li>\n<\/ul>\n<p>Wenn Sie eine <strong>Bescheinigung<\/strong> ben\u00f6tigen, dass Sie Mitglied im FKAG sind und in unserem Auftrag ehrenamtlich arbeiten (z. B. als Sprachlehrer\/in), so bekommen Sie diese unter <a href=\"mailto:barbara.d.baydur@gmx.de\"><strong>barbara.d.baydur@gmx.de<\/strong><\/a><\/p>\n<p>Damit Sie offiziell die <strong>Unterk\u00fcnfte des Landratsamtes<\/strong> <strong>Ludwigsburg<\/strong> betreten d\u00fcrfen, brauchen Sie ein <strong>Namensk\u00e4rtchen<\/strong> vom FKAG mit Logo, das Sie auch \u00fcber <strong><a href=\"mailto:barbara.d.baydur@gmx.de\">barbara.d.baydur@gmx.de<\/a>.<\/strong><strong>&nbsp;&nbsp;<\/strong>Das ist eine Vorgabe des Landratsamtes f\u00fcr uns.<\/p>\n<p>Wenn Sie in einem Gebiet arbeiten m\u00f6chten, in dem Sie mi<strong>t Kindern in Kontakt<\/strong> kommen, ben\u00f6tigen wir ein <strong>erweitertes F\u00fchrungszeugnis<\/strong> von Ihnen.&nbsp; So erhalten Sie es kostenlos von der Stadt Gerlingen:<\/p>\n<ul>\n<li>Melden Sie sich als Mitglied beim FKAsyl unter&nbsp; <a href=\"mailto:barbara.d.baydur@gmx.de\"><strong>barbara.d.baydur@gmx.de<\/strong><\/a> an mit dem Profilbogen und der Erkl\u00e4rung und fragen Sie eine Bescheinigung f\u00fcr das F\u00fchrungszeugnis an, die das B\u00fcrgerb\u00fcro Gerlingen seit Kurzem verlangt.<\/li>\n<li>&nbsp;Sie bekommen diese Bescheinigung von uns als pdf zugeschickt. Bitte drucken Sie sie aus und geben Sie sie bitte <strong>pers\u00f6nlich<\/strong> beim B\u00fcrgerb\u00fcro ab. Kreuzen Sie an, ob das Zeugnis direkt an Frau Rie\u00df (Amt f\u00fcr Soziales) geschickt werden soll oder ob Sie es behalten und ihr eine Kopie zugehen lassen m\u00f6chten. Wir informieren das B\u00fcrgerb\u00fcro, dass Sie in unserem Namen nachfragen.<\/li>\n<li>Wir werden vom B\u00fcrgerb\u00fcro informiert, wer ein Zeugnis bekommen hat<\/li>\n<\/ul>\n<p>Wir freuen uns auf eine gute Zusammenarbeit mit Ihnen!<\/p>\n","protected":false},"excerpt":{"rendered":"<p>Sie haben sich sicher schon auf der Seite \u201eWas wir tun\u201c umgeschaut und sich informiert, was f\u00fcr verschiedene Angebote wir [&hellip;]<\/p>\n","protected":false},"author":16,"featured_media":0,"parent":0,"menu_order":0,"comment_status":"closed","ping_status":"closed","template":"","meta":{"ngg_post_thumbnail":0,"footnotes":""},"class_list":["post-1564","page","type-page","status-publish","hentry"],"_links":{"self":[{"href":"https:\/\/www.fkasyl.de\/index.php?rest_route=\/wp\/v2\/pages\/1564","targetHints":{"allow":["GET"]}}],"collection":[{"href":"https:\/\/www.fkasyl.de\/index.php?rest_route=\/wp\/v2\/pages"}],"about":[{"href":"https:\/\/www.fkasyl.de\/index.php?rest_route=\/wp\/v2\/types\/page"}],"author":[{"embeddable":true,"href":"https:\/\/www.fkasyl.de\/index.php?rest_route=\/wp\/v2\/users\/16"}],"replies":[{"embeddable":true,"href":"https:\/\/www.fkasyl.de\/index.php?rest_route=%2Fwp%2Fv2%2Fcomments&post=1564"}],"version-history":[{"count":28,"href":"https:\/\/www.fkasyl.de\/index.php?rest_route=\/wp\/v2\/pages\/1564\/revisions"}],"predecessor-version":[{"id":3525,"href":"https:\/\/www.fkasyl.de\/index.php?rest_route=\/wp\/v2\/pages\/1564\/revisions\/3525"}],"wp:attachment":[{"href":"https:\/\/www.fkasyl.de\/index.php?rest_route=%2Fwp%2Fv2%2Fmedia&parent=1564"}],"curies":[{"name":"wp","href":"https:\/\/api.w.org\/{rel}","templated":true}]}}