{"id":1668,"date":"2017-10-24T06:46:56","date_gmt":"2017-10-24T05:46:56","guid":{"rendered":"http:\/\/www.fkasyl.de\/?page_id=1668"},"modified":"2018-01-29T22:54:37","modified_gmt":"2018-01-29T21:54:37","slug":"infos-material","status":"publish","type":"page","link":"https:\/\/www.fkasyl.de\/?page_id=1668","title":{"rendered":"Infos &#038; Material"},"content":{"rendered":"<p>Hier werden verschiedene Informationen eingestellt, die allgemein interessant oder wichtig sind.\u00a0 Wichtiges und Aktuelles zu <a href=\"https:\/\/www.fkasyl.de\/?page_id=1368\"><strong>Arbeit und Bildung<\/strong><\/a> bzw. <strong><a href=\"https:\/\/www.fkasyl.de\/?page_id=1373\">Asylrecht<\/a><\/strong> ist auf der Seite <strong><a href=\"https:\/\/www.fkasyl.de\/?page_id=1772\">Links &#8211; Infos &#8211; Material zum Asylrecht<\/a><\/strong> einzusehen.<\/p>\n<p><a href=\"https:\/\/www.fkasyl.de\/?page_id=1688\"><strong>Aktuelle Infos:<\/strong><\/a> Hier finden Sie die neuesten Informationen zu verschiedenen Themen<\/p>\n<p><a href=\"https:\/\/www.fkasyl.de\/?page_id=1672\"><strong>Infos des Landratsamts Ludwigburg:<\/strong>\u00a0<\/a>Hier finden Sie die neuesten Infos und Flyer des Landkreises.<\/p>\n<p><a href=\"https:\/\/www.fkasyl.de\/?page_id=1103\"><strong>Downloads:<\/strong><\/a> Material f\u00fcr Deutschkurse und viele Informationen, Handb\u00fccher, Brosch\u00fcren f\u00fcr Fl\u00fcchtlinge und Ehrenamtliche k\u00f6nnen Sie kostenlos ohne Anmeldung herunterladen<\/p>\n","protected":false},"excerpt":{"rendered":"<p>Hier werden verschiedene Informationen eingestellt, die allgemein interessant oder wichtig sind.\u00a0 Wichtiges und Aktuelles zu Arbeit und Bildung bzw. Asylrecht [&hellip;]<\/p>\n","protected":false},"author":16,"featured_media":0,"parent":0,"menu_order":0,"comment_status":"closed","ping_status":"closed","template":"","meta":{"ngg_post_thumbnail":0,"footnotes":""},"class_list":["post-1668","page","type-page","status-publish","hentry"],"_links":{"self":[{"href":"https:\/\/www.fkasyl.de\/index.php?rest_route=\/wp\/v2\/pages\/1668","targetHints":{"allow":["GET"]}}],"collection":[{"href":"https:\/\/www.fkasyl.de\/index.php?rest_route=\/wp\/v2\/pages"}],"about":[{"href":"https:\/\/www.fkasyl.de\/index.php?rest_route=\/wp\/v2\/types\/page"}],"author":[{"embeddable":true,"href":"https:\/\/www.fkasyl.de\/index.php?rest_route=\/wp\/v2\/users\/16"}],"replies":[{"embeddable":true,"href":"https:\/\/www.fkasyl.de\/index.php?rest_route=%2Fwp%2Fv2%2Fcomments&post=1668"}],"version-history":[{"count":9,"href":"https:\/\/www.fkasyl.de\/index.php?rest_route=\/wp\/v2\/pages\/1668\/revisions"}],"predecessor-version":[{"id":2079,"href":"https:\/\/www.fkasyl.de\/index.php?rest_route=\/wp\/v2\/pages\/1668\/revisions\/2079"}],"wp:attachment":[{"href":"https:\/\/www.fkasyl.de\/index.php?rest_route=%2Fwp%2Fv2%2Fmedia&parent=1668"}],"curies":[{"name":"wp","href":"https:\/\/api.w.org\/{rel}","templated":true}]}}