{"id":1704,"date":"2017-11-07T18:05:43","date_gmt":"2017-11-07T17:05:43","guid":{"rendered":"http:\/\/www.fkasyl.de\/?page_id=1704"},"modified":"2021-05-27T10:33:45","modified_gmt":"2021-05-27T08:33:45","slug":"fortbildung-fuer-ehrenamtliche","status":"publish","type":"page","link":"https:\/\/www.fkasyl.de\/?page_id=1704","title":{"rendered":"Fortbildung &#8211; Beratung &#8211; Infos f\u00fcr Ehrenamtliche"},"content":{"rendered":"<div id=\"post-1699\" class=\"post-1699 tribe_events type-tribe_events status-publish hentry\">\n<div class=\"tribe-events-single-event-description tribe-events-content\">\n<h3><strong>Fortbildung und Beratung<\/strong><\/h3>\n<p><strong><a href=\"https:\/\/www.fkasyl.de\/?page_id=1672\">Infos vom Landratsamt Ludwigsburg<\/a>&nbsp;&nbsp;<\/strong>Vieles zu diesem Thema, aber auch andere Informationen zum Landkreis<\/p>\n<p><a href=\"https:\/\/vhs-ehrenamtsportal.de\/\"><strong>VHS &#8222;Wir gestalten Integration&#8220;<\/strong><\/a><strong>&nbsp;<\/strong> Neues Portal der Volkhochschulen z. B. zum Thema Deutsch, Interkulturtelle Kommunikation und vieles mehr<\/p>\n<p><a href=\"https:\/\/www.fkasyl.de\/wp-content\/uploads\/2017\/12\/Seehaus-Hotline-Fl\u00fcchtlingsarbeit_2016.09.12.pdf\"> <strong>Flyer <\/strong><strong>Seehaus-Hotline:<\/strong> <\/a>Beratung f\u00fcr Ehrenamtliche<\/p>\n<p><strong><a href=\"http:\/\/www.leuchtlinie.de\/\">Initiative gegen rechte Gewalt&nbsp;<\/a><\/strong>&nbsp;&nbsp;T\u00fcrkische Gemeinde BW mit Unterst\u00fctzung des Min. f\u00fcr Soziales BW<\/p>\n<p><strong><a href=\"https:\/\/www.fkasyl.de\/wp-content\/uploads\/2019\/02\/BAMF-Gefluechtete-Baden-Wuerttemberg.pdf\">Violence Pr\u00e4vention Network<\/a><\/strong>: als bundesweit anerkannter Tr\u00e4ger der Extremismuspr\u00e4vention und Deradikalisierung tr\u00e4gt es seit 2001 erfolgreich zur Reduzierung ideologisch motivierter Gewalttaten bei. In Kooperation mit dem Bundesamt f\u00fcr Migration und Fl\u00fcchtlinge (BAMF) bieten wir in Baden-W\u00fcrttemberg kostenlose Beratung, Weiter- und Fortbildungen f\u00fcr haupt- und ehrenamtliche MitarbeiterInnen im Themenfeld \u201eGefl\u00fcchtete\u201c sowie zielgruppenspezifische aufsuchende Fallberatung f\u00fcr junge Gefl\u00fcchtete an, die Verhaltensmuster in Bezug auf eine m\u00f6gliche religi\u00f6s begr\u00fcndete Radikalisierung aufweisen. Zus\u00e4tzlich bieten wir spezifische Workshops f\u00fcr gefl\u00fcchtete Frauen an, um sie (und ihr Umfeld ) gegen religi\u00f6sen Extremismus zu sensibilisieren.<\/p>\n<p><a href=\"http:\/\/fachstelle-asyl.de\/\"><strong>\u00d6kumenische Fachstelle Asyl Ludwigsburg<\/strong><\/a><\/p>\n<p><a href=\"https:\/\/www.fkasyl.de\/wp-content\/uploads\/2018\/03\/Coaching_f\u00fcr_Ehrenamtliche_in_der_Fl\u00fcchtlingsarbeit.pdf\"><strong>Coaching f\u00fcr Ehrenamtliche von der Fachstelle Asyl Ludwigsburg<\/strong><\/a><\/p>\n<p><a href=\"https:\/\/www.fkasyl.de\/wp-content\/uploads\/2018\/04\/Telefonjoker-Angebot-f\u00fcr-Ehrenamtliche.pdf\"><strong>Telefonjoker: Dolmetsch-Hotline&nbsp;<\/strong><\/a> Arabisch &#8211; Persisch<\/p>\n<p><a href=\"https:\/\/letsact.de\/\"><strong>App f\u00fcr Ehrenamtliche<\/strong><\/a><\/p>\n<div id=\"post-1756\" class=\"post-1756 tribe_events type-tribe_events status-publish hentry\">\n<div class=\"tribe-events-single-event-description tribe-events-content\">\n<h3><strong>Informationen und Ideen<br \/>\n<\/strong><\/h3>\n<p><a href=\"http:\/\/allianz-fuer-beteiligung.de\"><strong>Allianz f\u00fcr Beteiligung<\/strong><\/a>&nbsp;&nbsp; F\u00f6rderprogramme, Adressen von Beratern, F\u00f6rderprogramme und vieles mehr<\/p>\n<p><a href=\"https:\/\/www.jetzt.de\/politik\/helfersyndrom-bei-frauen\"><strong>Helfersyndrom bei Frauen&nbsp;<\/strong><\/a><strong>&nbsp;&nbsp;&nbsp;<\/strong><a href=\"https:\/\/www.jetzt.de\/politik\/helfersyndrom-bei-frauen\"><strong>&nbsp;<\/strong><\/a><\/p>\n<p><a href=\"https:\/\/www.fkasyl.de\/wp-content\/uploads\/2018\/01\/Zusammenfassung_Gutachten_Entwicklung_Gewalt.pdf\"><strong>Untersuchung zur Entwicklung von Gewalt<\/strong><\/a><strong>&nbsp;&nbsp; <\/strong>Vergleiche Fl\u00fcchtlinge \u2013 Deutsche und Gr\u00fcnde<\/p>\n<p><a href=\"https:\/\/www.fkasyl.de\/wp-content\/uploads\/2018\/01\/ST-LW_Studie_Zusammenhalt_in_Deutschland_2017.pdf\"><strong>Zusammenhalt in Deutschland<\/strong><\/a>&nbsp; Untersuchung zur Lebenszufriedenheit der B\u00fcrger in ihrer Umgebung<\/p>\n<p><strong><a href=\"https:\/\/www.fkasyl.de\/wp-content\/uploads\/2018\/01\/Gewaltpr\u00e4vention-und-Konfliktbearbeitung-bei-der-Unterbringung-von-Gefl\u00fc....pdf\">Gewaltpr\u00e4vention und Konfliktbearbeitung bei der Unterbringung von Gefl\u00fcchteten<\/a>:<\/strong> Eine Aufgabe f\u00fcr Kommunen<\/p>\n<p><a href=\"https:\/\/www.fkasyl.de\/wp-content\/uploads\/2018\/01\/2017_12_21_ehrenamt-2017_web.pdf\"><strong>Ehrenamt mit Gefl\u00fcchteten&nbsp;<\/strong><\/a><strong>&nbsp;&nbsp; E<\/strong>ine wirklich lesenswerte Studie vom Parit\u00e4tischen Wohlfahrtsverband: \u201eEhrenamt mit Gefl\u00fcchteten: ein Praxisforschungsprojekt \u00fcber Ressourcen, Erwartungen und Erfahrungen ehrenamtlicher Helfer\/-innen in p\u00e4dagogischen Settings&#8220;: Wie Helfer\/-innen ihr Engagement f\u00fcr Gefl\u00fcchtete erleben und welchen Beitrag zur gesellschaftlichen&nbsp; Partizipation sie leisten k\u00f6nnen.<\/p>\n<\/div>\n<\/div>\n<\/div>\n<\/div>\n","protected":false},"excerpt":{"rendered":"<p>Fortbildung und Beratung Infos vom Landratsamt Ludwigsburg&nbsp;&nbsp;Vieles zu diesem Thema, aber auch andere Informationen zum Landkreis VHS &#8222;Wir gestalten Integration&#8220;&nbsp; [&hellip;]<\/p>\n","protected":false},"author":16,"featured_media":0,"parent":0,"menu_order":0,"comment_status":"closed","ping_status":"closed","template":"","meta":{"ngg_post_thumbnail":0,"footnotes":""},"class_list":["post-1704","page","type-page","status-publish","hentry"],"_links":{"self":[{"href":"https:\/\/www.fkasyl.de\/index.php?rest_route=\/wp\/v2\/pages\/1704","targetHints":{"allow":["GET"]}}],"collection":[{"href":"https:\/\/www.fkasyl.de\/index.php?rest_route=\/wp\/v2\/pages"}],"about":[{"href":"https:\/\/www.fkasyl.de\/index.php?rest_route=\/wp\/v2\/types\/page"}],"author":[{"embeddable":true,"href":"https:\/\/www.fkasyl.de\/index.php?rest_route=\/wp\/v2\/users\/16"}],"replies":[{"embeddable":true,"href":"https:\/\/www.fkasyl.de\/index.php?rest_route=%2Fwp%2Fv2%2Fcomments&post=1704"}],"version-history":[{"count":30,"href":"https:\/\/www.fkasyl.de\/index.php?rest_route=\/wp\/v2\/pages\/1704\/revisions"}],"predecessor-version":[{"id":3535,"href":"https:\/\/www.fkasyl.de\/index.php?rest_route=\/wp\/v2\/pages\/1704\/revisions\/3535"}],"wp:attachment":[{"href":"https:\/\/www.fkasyl.de\/index.php?rest_route=%2Fwp%2Fv2%2Fmedia&parent=1704"}],"curies":[{"name":"wp","href":"https:\/\/api.w.org\/{rel}","templated":true}]}}