{"id":1762,"date":"2017-11-11T11:24:34","date_gmt":"2017-11-11T10:24:34","guid":{"rendered":"http:\/\/www.fkasyl.de\/?page_id=1762"},"modified":"2019-01-13T18:39:23","modified_gmt":"2019-01-13T17:39:23","slug":"der-fkag-in-der-presse","status":"publish","type":"page","link":"https:\/\/www.fkasyl.de\/?page_id=1762","title":{"rendered":"Der FKAG in der Presse"},"content":{"rendered":"<p><strong>Hier finden Sie Presseberichte \u00fcber uns. Zum Teil sind die Fotos aus Datenschutzgr\u00fcnden nicht mit ver\u00f6ffentlicht.<\/strong><\/p>\n<p><a href=\"https:\/\/www.fkasyl.de\/wp-content\/uploads\/2019\/01\/STZ-FKAG-Omar-und-Catherine-1.pdf\"><strong>Bericht \u00fcber das Ehrenamt in Gerlingen \/ FKAG\u00a0<\/strong><\/a> Stuttgarter Zeitung, 10.01.2019<\/p>\n<p><a href=\"https:\/\/www.fkasyl.de\/wp-content\/uploads\/2018\/06\/Artikel_SZ-VS-Kurs.pdf\"><strong>Bericht \u00fcber VHS-Kurs f\u00fcr Anf\u00e4nger<\/strong><\/a> Strohg\u00e4u extra 23.05.18 \u00a0 Der Kurs wurde gesponsert von der B\u00fcrgerstiftung und den Kirchen<\/p>\n<p><strong><a href=\"https:\/\/www.fkasyl.de\/wp-content\/uploads\/2017\/11\/Bericht-Strohg\u00e4u-10.11.17.pdf\">Bericht Neub\u00fcrgerabend <\/a><\/strong>Strohg\u00e4u Extra 10.11.17<\/p>\n<p><a href=\"https:\/\/www.fkasyl.de\/wp-content\/uploads\/2018\/10\/Artikel_SZ.pdf\"><strong>Bericht Deutschkurs mit VHS\u00a0 Stuttgarter Zeitung<\/strong><\/a><\/p>\n","protected":false},"excerpt":{"rendered":"<p>Hier finden Sie Presseberichte \u00fcber uns. Zum Teil sind die Fotos aus Datenschutzgr\u00fcnden nicht mit ver\u00f6ffentlicht. Bericht \u00fcber das Ehrenamt [&hellip;]<\/p>\n","protected":false},"author":16,"featured_media":0,"parent":0,"menu_order":0,"comment_status":"closed","ping_status":"closed","template":"","meta":{"ngg_post_thumbnail":0,"footnotes":""},"class_list":["post-1762","page","type-page","status-publish","hentry"],"_links":{"self":[{"href":"https:\/\/www.fkasyl.de\/index.php?rest_route=\/wp\/v2\/pages\/1762","targetHints":{"allow":["GET"]}}],"collection":[{"href":"https:\/\/www.fkasyl.de\/index.php?rest_route=\/wp\/v2\/pages"}],"about":[{"href":"https:\/\/www.fkasyl.de\/index.php?rest_route=\/wp\/v2\/types\/page"}],"author":[{"embeddable":true,"href":"https:\/\/www.fkasyl.de\/index.php?rest_route=\/wp\/v2\/users\/16"}],"replies":[{"embeddable":true,"href":"https:\/\/www.fkasyl.de\/index.php?rest_route=%2Fwp%2Fv2%2Fcomments&post=1762"}],"version-history":[{"count":8,"href":"https:\/\/www.fkasyl.de\/index.php?rest_route=\/wp\/v2\/pages\/1762\/revisions"}],"predecessor-version":[{"id":2907,"href":"https:\/\/www.fkasyl.de\/index.php?rest_route=\/wp\/v2\/pages\/1762\/revisions\/2907"}],"wp:attachment":[{"href":"https:\/\/www.fkasyl.de\/index.php?rest_route=%2Fwp%2Fv2%2Fmedia&parent=1762"}],"curies":[{"name":"wp","href":"https:\/\/api.w.org\/{rel}","templated":true}]}}