{"id":194,"date":"2016-06-21T23:11:36","date_gmt":"2016-06-21T22:11:36","guid":{"rendered":"http:\/\/www.fkasyl.de\/?page_id=194"},"modified":"2024-01-22T16:36:50","modified_gmt":"2024-01-22T15:36:50","slug":"wir-ueber-uns","status":"publish","type":"page","link":"https:\/\/www.fkasyl.de\/?page_id=194","title":{"rendered":"Organisation des FKAG"},"content":{"rendered":"<p><a href=\"https:\/\/www.fkasyl.de\/wp-content\/uploads\/2022\/01\/LuPe_12_21.pdf\"><strong>Artikel in der LuPe, Gemeindebrief der Ev. Lukas- und Petruskirchengemeinde Gerlingen<\/strong><\/a><\/p>\n<p>Der Freundeskreis Asyl Gerlingen entstand vor Jahrzehnten aus der Friedensbewegung. Im Jahre 2015 formierte sich der Freundeskreis neu und entschied sich, keinen eingetragenen Verein zu gr\u00fcnden.<br \/>\nDas <a href=\"https:\/\/www.fkasyl.de\/?page_id=4337\"><strong>Spendenkonto des Freundeskreises<\/strong> <\/a>des Freundeskreises ist deshalb unter dem &#8222;Dach&#8220; des&nbsp; &#8222;Verband der Evang. Kirchenbezirke Landkreis Ludwigsburg&#8220; eingerichtet und erm\u00f6glicht somit bei Bedarf die Erstellung von Spendennachweisen. Mehr dazu erfahren Sie unter <a href=\"https:\/\/www.fkasyl.de\/?page_id=1707\"><strong>&#8222;Finanzen- Tipps &#8211; Erstattung von Auslagen&#8220;<\/strong><\/a><\/p>\n<p>Unsere vielen verschiedenen Aktivit\u00e4ten finden Sie im Detail unter <a href=\"https:\/\/www.fkasyl.de\/?page_id=51\"><strong>Der FKAG<\/strong><\/a> und den entsprechenden Unterpunkten. Wie Sie uns unterst\u00fctzen k\u00f6nnen finden Sie unter <strong><a href=\"https:\/\/www.fkasyl.de\/?page_id=57\">&#8222;Wie kann ich helfen&#8220;<\/a><\/strong> und den Unterpunkten.<\/p>\n<p>Der Freundeskreis Asyl Gerlingen wird von einer Steuerungsgruppe &#8222;geleitet&#8220; und organisiert sich in verschiedenen Arbeitsgruppen und Teams: Sprachkurse, Sachspenden, Arbeit und Ausbildung, Unterst\u00fctzung der Gefl\u00fcchteten durch Begleiter*innen, \u00d6ffentlichkeitsarbeit, Finanzen,&nbsp; Asylrecht.<\/p>\n<p><a href=\"https:\/\/www.fkasyl.de\/wp-content\/uploads\/2021\/05\/Aufbau-Steuerungsgruppe-21.pdf\"><strong>Mitglieder der Steuerungsgruppe und ihre Spezialgebiete<\/strong><\/a><\/p>\n<p>Die Steuerungsgruppe h\u00e4lt regelm\u00e4\u00dfige Sitzungen ab und koordiniert die Arbeit des FKAG. Regelm\u00e4\u00dfige Treffen der Aktiven (das entspricht den Mitgliedern eines Vereins) erm\u00f6glichen einen intensiven Austausch, die Teilnahme ist wegen der sensiblen Themen nur f\u00fcr Aktive m\u00f6glich. Es gibt auch offene Treffen, bei denen sich der FKAG vorstellt.<\/p>\n<p>Wenn Sie auch mithelfen oder sich n\u00e4her informieren m\u00f6chten, w\u00fcrden wir uns freuen, wenn Sie sich bei der Steuerungsgruppe unter der E-Mail: <a href=\"mailto:info@FKAsyl.de\"><strong>info@FKAsyl.de<\/strong><\/a> melden w\u00fcrden. Vorab k\u00f6nnen Sie sich schon auf der Seite <a href=\"https:\/\/www.fkasyl.de\/?page_id=57\"><strong>&#8222;Wie kann ich helfen&#8220;<\/strong><\/a> informieren.<\/p>\n<p>Unsere Partner, mit denen wir vernetzt sind, finden Sie hier: <a href=\"https:\/\/www.fkasyl.de\/?page_id=1344\"><strong>Unsere Partner &#8211; Netzwerk.<\/strong><\/a><\/p>\n","protected":false},"excerpt":{"rendered":"<p>Artikel in der LuPe, Gemeindebrief der Ev. Lukas- und Petruskirchengemeinde Gerlingen Der Freundeskreis Asyl Gerlingen entstand vor Jahrzehnten aus der [&hellip;]<\/p>\n","protected":false},"author":16,"featured_media":0,"parent":5,"menu_order":1,"comment_status":"closed","ping_status":"closed","template":"","meta":{"ngg_post_thumbnail":0,"footnotes":""},"class_list":["post-194","page","type-page","status-publish","hentry"],"_links":{"self":[{"href":"https:\/\/www.fkasyl.de\/index.php?rest_route=\/wp\/v2\/pages\/194","targetHints":{"allow":["GET"]}}],"collection":[{"href":"https:\/\/www.fkasyl.de\/index.php?rest_route=\/wp\/v2\/pages"}],"about":[{"href":"https:\/\/www.fkasyl.de\/index.php?rest_route=\/wp\/v2\/types\/page"}],"author":[{"embeddable":true,"href":"https:\/\/www.fkasyl.de\/index.php?rest_route=\/wp\/v2\/users\/16"}],"replies":[{"embeddable":true,"href":"https:\/\/www.fkasyl.de\/index.php?rest_route=%2Fwp%2Fv2%2Fcomments&post=194"}],"version-history":[{"count":40,"href":"https:\/\/www.fkasyl.de\/index.php?rest_route=\/wp\/v2\/pages\/194\/revisions"}],"predecessor-version":[{"id":4802,"href":"https:\/\/www.fkasyl.de\/index.php?rest_route=\/wp\/v2\/pages\/194\/revisions\/4802"}],"up":[{"embeddable":true,"href":"https:\/\/www.fkasyl.de\/index.php?rest_route=\/wp\/v2\/pages\/5"}],"wp:attachment":[{"href":"https:\/\/www.fkasyl.de\/index.php?rest_route=%2Fwp%2Fv2%2Fmedia&parent=194"}],"curies":[{"name":"wp","href":"https:\/\/api.w.org\/{rel}","templated":true}]}}