{"id":2135,"date":"2018-02-02T17:39:29","date_gmt":"2018-02-02T16:39:29","guid":{"rendered":"http:\/\/www.fkasyl.de\/?page_id=2135"},"modified":"2023-02-09T17:51:52","modified_gmt":"2023-02-09T16:51:52","slug":"sprachfoerderung","status":"publish","type":"page","link":"https:\/\/www.fkasyl.de\/?page_id=2135","title":{"rendered":"Sprachf\u00f6rderung"},"content":{"rendered":"\n<h6 class=\"wp-block-heading\">Hier finden Sie allgemeine Informationenzu Sprachf\u00f6rderung.<\/h6>\n\n\n\n<h6 class=\"wp-block-heading\">Angebote in Gerlingen und Umgebung finden Sie unter <a href=\"https:\/\/www.fkasyl.de\/?page_id=1440\">&#8222;Deutschkurse&#8220;<\/a><\/h6>\n\n\n\n<h6 class=\"wp-block-heading\"><strong>Rechtliches zu Sprachf\u00f6rderung<\/strong><\/h6>\n\n\n\n<p><strong><a href=\"https:\/\/www.bamf.de\">Bundesamt f\u00fcr Migration und Fl\u00fcchtlinge BAMF<\/a><\/strong><\/p>\n\n\n\n<p><a href=\"https:\/\/www.biwe-bbq.de\/\"><strong>MINT Mentorenprogramm<\/strong><\/a>&nbsp;&nbsp; Kostenlose Mentorenbegleitung f\u00fcr Schule und Ausbildung von Fl\u00fcchtlingen<\/p>\n\n\n\n<h6 class=\"wp-block-heading\"><strong>Tr\u00e4ger f\u00fcr Kurse und Pr\u00fcfungen<\/strong><\/h6>\n\n\n\n<p><a href=\"https:\/\/www.telc.net\/\"><strong>https:\/\/www.telc.net\/<\/strong><\/a><strong>&nbsp;<\/strong>&nbsp;&nbsp;Hier k\u00f6nnen <strong>Pr\u00fcfungen<\/strong> angemeldet und abgelegt werden \u00fcber den Button <a href=\"https:\/\/www.telc.net\/pruefungsteilnehmende.html\"><strong>&#8222;Pr\u00fcfungsteilnehmende&#8220;. <\/strong><\/a>Hier kann man auch die<strong><a href=\"https:\/\/www.telc.net\/pruefungsteilnehmende\/pruefungszentrum-finden.html?tx_telcexamcentres_map[filter][country]=Germany\"> lokalen Anbieter f\u00fcr Pr\u00fcfungen<\/a><\/strong> finden, die gleichzeitig auch <strong>Anbieter f\u00fcr Kurse<\/strong> sind.<\/p>\n\n\n\n<h6 class=\"wp-block-heading\"><strong>Apps, Onlinekurse, Internetadressen<\/strong><\/h6>\n\n\n\n<p><a href=\"https:\/\/portal-deutsch.de\/unterrichten\/deutsch-unterrichten\/einstieg-deutsch-die-app\/\"><strong>App der VHS f\u00fcrs Handy<\/strong><\/a> zum Herunterladen &#8211; Deutschlernen auch offline (kostenlos)<\/p>\n\n\n\n<p><a href=\"https:\/\/deutsch.vhs-lernportal.de\/wws\/9.php#\/wws\/deutsch.php?3071be8c0bf76f79afe5ecb27dc0d4bc\"><strong>VHS Lernportal<\/strong><\/a> zum Deutschlernen f\u00fcr Computer (kostenlos)<\/p>\n\n\n\n<p><a href=\"https:\/\/www.goethe.de\/de\/spr\/ueb\/dt1.html\"><strong>Goethe-Institut:<\/strong><\/a> Deutschtrainer, Vokabeltrainer, usw. kostenfrei f\u00fcr Tablet und Smartphone<\/p>\n\n\n\n<p><strong>Deutsche Welle:<\/strong> <a rel=\"noreferrer noopener\" href=\"https:\/\/deref-gmx.net\/mail\/client\/ZpU1QXHBjlM\/dereferrer\/?redirectUrl=https%3A%2F%2Fwww.dw.com%2Fde%2Fdeutsch-lernen%2Fs-2055\" target=\"_blank\">https:\/\/www.dw.com\/de\/deutsch-lernen\/s-2055<\/a><\/p>\n","protected":false},"excerpt":{"rendered":"<p>Hier finden Sie allgemeine Informationenzu Sprachf\u00f6rderung. Angebote in Gerlingen und Umgebung finden Sie unter &#8222;Deutschkurse&#8220; Rechtliches zu Sprachf\u00f6rderung Bundesamt f\u00fcr [&hellip;]<\/p>\n","protected":false},"author":16,"featured_media":0,"parent":0,"menu_order":0,"comment_status":"closed","ping_status":"closed","template":"","meta":{"ngg_post_thumbnail":0,"footnotes":""},"class_list":["post-2135","page","type-page","status-publish","hentry"],"_links":{"self":[{"href":"https:\/\/www.fkasyl.de\/index.php?rest_route=\/wp\/v2\/pages\/2135","targetHints":{"allow":["GET"]}}],"collection":[{"href":"https:\/\/www.fkasyl.de\/index.php?rest_route=\/wp\/v2\/pages"}],"about":[{"href":"https:\/\/www.fkasyl.de\/index.php?rest_route=\/wp\/v2\/types\/page"}],"author":[{"embeddable":true,"href":"https:\/\/www.fkasyl.de\/index.php?rest_route=\/wp\/v2\/users\/16"}],"replies":[{"embeddable":true,"href":"https:\/\/www.fkasyl.de\/index.php?rest_route=%2Fwp%2Fv2%2Fcomments&post=2135"}],"version-history":[{"count":17,"href":"https:\/\/www.fkasyl.de\/index.php?rest_route=\/wp\/v2\/pages\/2135\/revisions"}],"predecessor-version":[{"id":4618,"href":"https:\/\/www.fkasyl.de\/index.php?rest_route=\/wp\/v2\/pages\/2135\/revisions\/4618"}],"wp:attachment":[{"href":"https:\/\/www.fkasyl.de\/index.php?rest_route=%2Fwp%2Fv2%2Fmedia&parent=2135"}],"curies":[{"name":"wp","href":"https:\/\/api.w.org\/{rel}","templated":true}]}}