{"id":2420,"date":"2018-05-21T20:54:03","date_gmt":"2018-05-21T19:54:03","guid":{"rendered":"http:\/\/www.fkasyl.de\/?page_id=2420"},"modified":"2022-11-21T16:12:03","modified_gmt":"2022-11-21T15:12:03","slug":"datenschutzerklaerung","status":"publish","type":"page","link":"https:\/\/www.fkasyl.de\/?page_id=2420","title":{"rendered":"Datenschutzerkl\u00e4rung"},"content":{"rendered":"<p>Der Freundeskreis Asyl Gerlingen nimmt den Schutz pers\u00f6nlichen Daten sehr ernst und h\u00e4lt sich streng an die geltenden Gesetze und Vorschriften zum Datenschutz, insbesondere an die EU-Datenschutzgrundverordnung (DSGVO), das Bundesdatenschutzgesetz (BDSG) und das Telemediengesetz (TMG). Die folgenden Erl\u00e4uterungen geben einen \u00dcberblick dar\u00fcber, wie der Freundeskreis Asyl Gerlingen diesen Schutz sicherstellt und welche Daten zu welchem Zweck verarbeitet werden.<\/p>\n<p><a href=\"https:\/\/www.fkasyl.de\/wp-content\/uploads\/2021\/05\/1-Datenschutz-Info-Mitglieder-FKAG.pdf\"><strong>Datenschutzinfo f\u00fcr die Mitglieder des FKAG<\/strong><\/a><\/p>\n<p><a href=\"https:\/\/www.fkasyl.de\/wp-content\/uploads\/2018\/06\/Formblattt-Widerruf-FKAG.pdf\"><strong>Formblatt f\u00fcr den Widerruf der Speicherung von Daten<\/strong><\/a><\/p>\n<p><a href=\"https:\/\/www.fkasyl.de\/wp-content\/uploads\/2019\/01\/Einwilligung_Freiwilligenagentur_Recht_am_eigenen_Bild_17_10_18.pdf\"><strong>Formular der Freiwilligenagentur: Einwilligung Recht am eigenen Bild<\/strong><\/a><\/p>\n<p><strong><a href=\"https:\/\/www.fkasyl.de\/wp-content\/uploads\/2019\/01\/Bilder-zur-Ver\u00f6ffentlichung.pdf\">Aushang: Rechte f\u00fcr Bilder bei Veranstaltungen<\/a><\/strong><\/p>\n<h3>Nutzungsdaten<\/h3>\n<p><span class=\"align-justify\">Bei jedem Zugriff auf unsere Webseite und bei jedem Abruf einer Datei, werden automatisch \u00fcber diesen Vorgang allgemeine Daten in einer Protokolldatei gespeichert. Die Speicherung dient ausschlie\u00dflich systembezogenen und statistischen Zwecken (auf Grundlage von Art. 6 Abs. 1 Buchst. b) DSGVO), sowie in Ausnahmef\u00e4llen zur Anzeige von Straftaten (auf Grundlage von Art. 6 Abs. 1 Buchst. e) DSGVO).<\/span><span class=\"align-justify\">&nbsp;<\/span><span class=\"align-justify\">Eine Weitergabe der Daten an Dritte oder eine sonstige Auswertung findet nicht statt, es sei denn, es besteht eine gesetzliche Verpflichtung dazu (Art. 6 Abs. 1 Buchst. e) DSGVO).<\/span><\/p>\n<p>Im Einzelnen wird \u00fcber jeden Abruf folgender Datensatz gespeichert:<\/p>\n<div>\n<ul>\n<li>Name der abgerufenen Datei<\/li>\n<li>Datum und Uhrzeit des Abrufs<\/li>\n<li>\u00fcbertragene Datenmenge<\/li>\n<li>Meldung, ob der Abruf erfolgreich war<\/li>\n<li>Beschreibung des Typs des verwendeten Webbrowser<\/li>\n<li>Verwendetes Betriebssystem<\/li>\n<li>die zuvor besuchte Seite<\/li>\n<li>Provider<\/li>\n<li>IP-Adresse des Nutzers (wird nicht zur Identifizierung des Nutzers verwendet)<\/li>\n<\/ul>\n<p align=\"LEFT\"><span style=\"color: #000000;\"><span style=\"font-family: Arial, sans-serif;\"><span style=\"font-size: medium;\">Unser Serviceprovider <\/span><\/span><\/span><span style=\"color: #000000;\"><span style=\"font-family: Arial, sans-serif;\"><span style=\"font-size: medium;\">speichert nicht anonymisierte IP-Adressen maximal 7 Tage. Als dessen Kunde k\u00f6nnen wir ausschlie\u00dflich anonymisierte IP-Adressen einsehen. Access-Logs mit anonymisierten IP-Adressen stehen uns 8 Wochen lang zum Download zur Verf\u00fcgung. Statistiken aus anonymisierten Kunden-Logfiles stehen uns zur Verf\u00fc- gung, so lange wir dort Kunde sind, diese enthalten jedoch keine zuordenbaren und damit personenbezogenen IP-Adressen mehr.<\/span><\/span><\/span><\/p>\n<\/div>\n<h3>Personenbezogene Daten<\/h3>\n<p><span class=\"align-justify\">Personenbezogene Daten werden von uns nur dann verarbeitet, wenn uns dies gesetzlich gestattet ist, oder Sie uns Ihre Einwilligung erteilt haben.<\/span><\/p>\n<p><span class=\"align-justify\">Im Einzelnen:<\/span><\/p>\n<p><strong>Kontakt<\/strong><br>\n<span class=\"align-justify\">Wenn Sie mit uns in Kontakt treten, speichern wir Ihre Daten auf Grundlage von Art. 6 Abs. 1 Buchst. b) DSGVO zum Zwecke der Bearbeitung Ihrer Anfrage, sowie f\u00fcr den Fall, dass eine weitere Korrespondenz stattfinden sollte. <\/span><\/p>\n<h3>Verwendung von Google Webfonts und Google Maps<\/h3>\n<p><strong>Verwendung von Google Webfonts und Google Maps<\/strong><br>\nAuf unserer Webseite werden externe Schriften, sog. Google Webfonts, verwendet. Zudem benutzen wir Google Maps, um f\u00fcr Sie den Anfahrtsweg zu unserem Unternehmen darzustellen und Ihnen die Planung der Anfahrt zu vereinfachen.<\/p>\n<p>Auch hierbei greifen wir auf Dienste der Google Inc. 1600 Amphitheatre Parkway, Mountain View, CA 94043, USA zur\u00fcck.<\/p>\n<p>Dazu l\u00e4dt beim Aufrufen unserer Seite Ihr Browser die ben\u00f6tigten Informationen vom Google-Server in den USA in ihren Browsercache. Dies ist notwendig damit auch Ihr Browser eine optisch verbesserte Darstellung unserer Texte anzeigen kann, bzw. die Karte auf unserer Webseite dargestellt wird.<\/p>\n<p>Hierdurch wird an den Google-Server \u00fcbermittelt, welche unserer Internetseiten Sie besucht haben. Auch wird Ihre IP-Adresse von Google gespeichert.<\/p>\n<p>Weitergehende Informationen zu Google Webfonts finden sie unter <a class=\"httpsLink externerLink neuFensterLink\" href=\"https:\/\/developers.google.com\/fonts\/faq?hl=de-DE&amp;csw=1\" target=\"_blank\" rel=\"external noopener\">https:\/\/developers.google.com\/fonts\/faq?hl=de-DE&amp;csw=1<\/a><br>\nWeitergehende Informationen zu Google Maps finden sie unter <a class=\"httpsLink externerLink neuFensterLink\" href=\"https:\/\/developers.google.com\/fonts\/faq?hl=de-DE&amp;csw=1\" target=\"_blank\" rel=\"external noopener\">https:\/\/www.google.com\/intl\/de_de\/help\/terms_maps.html<\/a><\/p>\n<p>Allgemeine Informationen zum Thema Datenschutz bei Google finden sie unter <a class=\"externerLink neuFensterLink\" href=\"http:\/\/www.google.com\/policies\/privacy\/\" target=\"_blank\" rel=\"external noopener\">www.google.com\/policies\/privacy\/<\/a><\/p>\n<p>Wir st\u00fctzen den Einsatz der vorgenannten Tools auf Art. 6 Abs. 1 Buchst. f) DSGVO: die Datenverarbeitung erfolgt zur Verbesserung der Nutzerfreundlichkeit auf unserer Webseite und liegt daher in unserem berechtigten Interesse.<\/p>\n<h3>Betroffenenrechte<\/h3>\n<p><strong>Auskunftsrecht<\/strong><br>\n<span class=\"align-justify\">Sie haben das Recht, von uns eine Best\u00e4tigung dar\u00fcber zu verlangen, ob Sie betreffende personenbezogene Daten verarbeitet werden.<\/span><span class=\"align-justify\">&nbsp;<\/span><span class=\"align-justify\">Senden Sie hierf\u00fcr bitte einfach eine E-Mail an <a href=\"mailto:info@fkasyl.de\">info@fkasyl.de<\/a><\/span><\/p>\n<p><strong>Berichtigung\/L\u00f6schung\/Einschr\u00e4nkung der Verarbeitung<\/strong><br>\n<span class=\"align-justify\">Des Weiteren haben Sie das Recht, von uns zu verlangen, dass<\/span><span class=\"align-justify\"><strong>&nbsp;<\/strong><\/span><\/p>\n<div>\n<ul>\n<li>Sie betreffende unrichtige personenbezogene Daten unverz\u00fcglich berichtigt werden (Recht auf Berichtigung)<\/li>\n<li>Sie betreffende personenbezogene Daten unverz\u00fcglich gel\u00f6scht werden (Recht auf L\u00f6schung)<\/li>\n<li>und die Verarbeitung eingeschr\u00e4nkt wird (Recht auf Einschr\u00e4nken der Verarbeitung).<\/li>\n<\/ul>\n<\/div>\n<p>Senden Sie hierf\u00fcr bitte einfach eine E-Mail an <span class=\"align-justify\"><a href=\"mailto:info@fkasyl.de\">info@fkasyl.de<\/a><\/span>.<\/p>\n<p><strong>Recht auf Daten\u00fcbertragbarkeit<\/strong><strong>&nbsp;<\/strong><br>\n<span class=\"align-justify\">Sie haben das Recht, Sie betreffende personenbezogene Daten, die Sie uns bereitgestellt haben, in einem strukturierten, g\u00e4ngigen und maschinenlesbaren Format zu erhalten und diese Daten einem anderen Verantwortlichen zu \u00fcbermitteln.<\/span><span class=\"align-justify\">&nbsp;<\/span><span class=\"align-justify\">Senden Sie hierf\u00fcr bitte einfach eine E-Mail an <a href=\"mailto:info@fkasyl.de\">info@fkasyl.de<\/a>.<\/span><\/p>\n<p><strong>Widerrufsrecht<\/strong><strong>&nbsp;<\/strong><br>\n<span class=\"align-justify\">Sie haben das Recht, Ihre Einwilligung jederzeit zu widerrufen. Durch den Widerruf der Einwilligung wird die Rechtm\u00e4\u00dfigkeit der aufgrund der Einwilligung bis zum Widerruf erfolgten Verarbeitung nicht ber\u00fchrt.<\/span><span class=\"align-justify\">&nbsp;<\/span><span class=\"align-justify\">Senden Sie hierf\u00fcr bitte einfach eine E-Mail an <a href=\"mailto:info@fkasyl.de\">info@fkasyl.de<\/a>.<\/span><span class=\"align-justify\"><strong>&nbsp;<\/strong><\/span><\/p>\n<p><strong>Widerspruchsrecht<\/strong><strong>&nbsp;<\/strong><br>\n<span class=\"align-justify\">Ist die Verarbeitung Sie betreffender personenbezogener Daten f\u00fcr die Wahrnehmung einer Aufgabe, die im \u00f6ffentlichen Interesse liegt (Art. 6 Abs. 1 Buchst. e) DSGVO) oder zur Wahrung unserer berechtigten Interessen (Art. 6 Abs. 1 Buchst. f) DSGVO) erforderlich, steht Ihnen ein Widerspruchsrecht zu.<\/span><span class=\"align-justify\">&nbsp;<\/span><span class=\"align-justify\">Senden Sie hierf\u00fcr bitte einfach eine an <a href=\"mailto:info@fkasyl.de\">info@fkasyl.de<\/a>.<\/span><\/p>\n<p><strong>Beschwerderecht<\/strong><strong>&nbsp;<\/strong><br>\n<span class=\"align-justify\">Sind Sie der Ansicht, dass die Verarbeitung der Sie betreffenden personenbezogenen Daten gegen die DSGVO verst\u00f6\u00dft, haben Sie unbeschadet anderweitiger Rechtsbehelfe das Recht auf Beschwerde bei einer Aufsichtsbeh\u00f6rde:<\/span><\/p>\n<ul>\n<li><span class=\"align-justify\"><a href=\"https:\/\/www.baden-wuerttemberg.datenschutz.de\/\">https:\/\/www.baden-wuerttemberg.datenschutz.de\/<\/a><br>\n<\/span><\/li>\n<li><a href=\"http:\/\/www.bfdi.bund.de\">http:\/\/www.bfdi.bund.de<\/a><\/li>\n<\/ul>\n<h3>Verantwortliche f\u00fcr Datenschutz<\/h3>\n<p>Ein\/e Datenschutzbeauftragte\/r ist nur in gr\u00f6\u00dferen Vereinen vorgeschrieben. Unsere Verantwortliche erreichen Sie unter: Freundeskreis Asyl Gerlingen, c\/o Barbara Baydur, Zedernweg 15, 70839 Gerlingen oder <span class=\"align-justify\"> <a href=\"mailto:info@fkasyl.de\">info@fkasyl.de<\/a>.<\/span><\/p>\n<h3>Sicherheit<\/h3>\n<p>F\u00fcr die Sicherheit Ihrer Daten verwenden wir modernste Internettechnologien. W\u00e4hrend des Onlineanfrageprozesses sind Ihre Angaben mit einer SSL-Verschl\u00fcsselung gesichert. F\u00fcr eine sichere Speicherung Ihrer Daten werden unsere Systeme durch Firewalls gesch\u00fctzt, die unberechtigte Zugriffe von au\u00dfen verhindern.<\/p>\n\n\n<p><b>Haftung f\u00fcr Inhalte<\/b><br>Die Inhalte unserer Seiten wurden mit gr\u00f6\u00dfter Sorgfalt erstellt. F\u00fcr die Richtigkeit, Vollst\u00e4ndigkeit und Aktualit\u00e4t der Inhalte k\u00f6nnen wir jedoch keine Gew\u00e4hr \u00fcbernehmen.<br>Als Diensteanbieter sind wir gem\u00e4\u00df \u00a7 7 Abs.1 TMG f\u00fcr eigene Inhalte auf diesen Seiten nach den allgemeinen Gesetzen verantwortlich. Nach \u00a7\u00a7 8 bis 10 TMG sind wir als Diensteanbieter jedoch nicht verpflichtet, \u00fcbermittelte oder gespeicherte fremde Informationen zu \u00fcberwachen oder nach Umst\u00e4nden zu forschen, die auf eine rechtswidrige T\u00e4tigkeit hinweisen. Verpflichtungen zur Entfernung oder Sperrung der Nutzung von Informationen nach den allgemeinen Gesetzen bleiben hiervon unber\u00fchrt. Eine diesbez\u00fcgliche Haftung ist jedoch erst ab dem Zeitpunkt der Kenntnis einer konkreten Rechtsverletzung m\u00f6glich. Bei bekannt werden von entsprechenden Rechtsverletzungen werden wir diese Inhalte umgehend entfernen.<\/p>\n\n\n\n<hr class=\"wp-block-separator has-alpha-channel-opacity\"\/>\n\n\n\n<p><b>Haftung f\u00fcr Links<br><\/b>Unser Angebot enth\u00e4lt Links zu externen Webseiten Dritter, auf deren Inhalte wir keinen Einfluss haben. Deshalb k\u00f6nnen wir f\u00fcr diese fremden Inhalte auch keine Gew\u00e4hr \u00fcbernehmen. F\u00fcr die Inhalte der verlinkten Seiten ist stets der jeweilige Anbieter oder Betreiber der Seiten verantwortlich. Die verlinkten Seiten wurden zum Zeitpunkt der Verlinkung auf m\u00f6gliche Rechtsverst\u00f6\u00dfe \u00fcberpr\u00fcft. Rechtswidrige Inhalte waren zum Zeitpunkt der Verlinkung nicht erkennbar. Eine permanente inhaltliche Kontrolle der verlinkten Seiten ist jedoch ohne konkrete Anhaltspunkte einer Rechtsverletzung nicht zumutbar. Bei bekannt werden von Rechtsverletzungen werden wir derartige Links umgehend entfernen.<\/p>\n\n\n\n<p><b>Urheberrecht<br><\/b>Die durch die Seitenbetreiber erstellten Inhalte und Werke auf diesen Seiten unterliegen dem deutschen Urheberrecht. Beitr\u00e4ge Dritter sind als solche gekennzeichnet. Die Vervielf\u00e4ltigung, Bearbeitung, Verbreitung und jede Art der Verwertung au\u00dferhalb der Grenzen des Urheberrechtes bed\u00fcrfen der schriftlichen Zustimmung des jeweiligen Autors bzw. Erstellers. Downloads und Kopien dieser Seite sind nur f\u00fcr den privaten, nicht kommerziellen Gebrauch gestattet.<br>Die Betreiber der Seiten sind bem\u00fcht, stets die Urheberrechte anderer zu beachten bzw. auf selbst erstellte sowie lizenzfreie Werke zur\u00fcckzugreifen.<\/p>\n\n\n\n<p><b>Datenschutz<br><\/b>Soweit auf unseren Seiten personenbezogene Daten (beispielsweise Name, Anschrift oder eMail-Adressen) erhoben werden, erfolgt dies soweit m\u00f6glich stets auf freiwilliger Basis. Die Nutzung der Angebote und Dienste ist, soweit m\u00f6glich, stets ohne Angabe personenbezogener Daten m\u00f6glich.<br>Wir weisen darauf hin, dass die Daten\u00fcbertragung im Internet (z.B. bei der Kommunikation per E-Mail) Sicherheitsl\u00fccken aufweisen kann. Ein l\u00fcckenloser Schutz der Daten vor dem Zugriff durch Dritte ist nicht m\u00f6glich.<br>Der Nutzung von im Rahmen der Impressumspflicht ver\u00f6ffentlichten Kontaktdaten durch Dritte zur \u00dcbersendung von nicht ausdr\u00fccklich angeforderter Werbung und Informationsmaterialien wird hiermit ausdr\u00fccklich widersprochen. Die Betreiber der Seiten behalten sich ausdr\u00fccklich rechtliche Schritte im Falle der unverlangten Zusendung von Werbeinformationen, etwa durch Spam-Mails, vor.<\/p>\n","protected":false},"excerpt":{"rendered":"<p>Der Freundeskreis Asyl Gerlingen nimmt den Schutz pers\u00f6nlichen Daten sehr ernst und h\u00e4lt sich streng an die geltenden Gesetze und [&hellip;]<\/p>\n","protected":false},"author":6,"featured_media":0,"parent":176,"menu_order":0,"comment_status":"closed","ping_status":"closed","template":"","meta":{"ngg_post_thumbnail":0,"footnotes":""},"class_list":["post-2420","page","type-page","status-publish","hentry"],"_links":{"self":[{"href":"https:\/\/www.fkasyl.de\/index.php?rest_route=\/wp\/v2\/pages\/2420","targetHints":{"allow":["GET"]}}],"collection":[{"href":"https:\/\/www.fkasyl.de\/index.php?rest_route=\/wp\/v2\/pages"}],"about":[{"href":"https:\/\/www.fkasyl.de\/index.php?rest_route=\/wp\/v2\/types\/page"}],"author":[{"embeddable":true,"href":"https:\/\/www.fkasyl.de\/index.php?rest_route=\/wp\/v2\/users\/6"}],"replies":[{"embeddable":true,"href":"https:\/\/www.fkasyl.de\/index.php?rest_route=%2Fwp%2Fv2%2Fcomments&post=2420"}],"version-history":[{"count":15,"href":"https:\/\/www.fkasyl.de\/index.php?rest_route=\/wp\/v2\/pages\/2420\/revisions"}],"predecessor-version":[{"id":4897,"href":"https:\/\/www.fkasyl.de\/index.php?rest_route=\/wp\/v2\/pages\/2420\/revisions\/4897"}],"up":[{"embeddable":true,"href":"https:\/\/www.fkasyl.de\/index.php?rest_route=\/wp\/v2\/pages\/176"}],"wp:attachment":[{"href":"https:\/\/www.fkasyl.de\/index.php?rest_route=%2Fwp%2Fv2%2Fmedia&parent=2420"}],"curies":[{"name":"wp","href":"https:\/\/api.w.org\/{rel}","templated":true}]}}