{"id":3425,"date":"2021-03-15T12:00:51","date_gmt":"2021-03-15T11:00:51","guid":{"rendered":"https:\/\/www.fkasyl.de\/?page_id=3425"},"modified":"2023-08-06T13:19:44","modified_gmt":"2023-08-06T11:19:44","slug":"aktuelle-infos-wichtig","status":"publish","type":"page","link":"https:\/\/www.fkasyl.de\/?page_id=3425","title":{"rendered":"Aktuelles und Wichtiges"},"content":{"rendered":"\n<p><strong>Wichtig: <a href=\"https:\/\/www.fkasyl.de\/wp-content\/uploads\/2023\/06\/2022_04_28_Flyer-Verhalten-in-Krisensituationen-290x445_DS.pdf\">Verhalten in Krisensituationen<\/a><\/strong><\/p>\n\n\n\n<p><strong>Neu: Zugang zu Integrationskursen ab 01.01.23<\/strong>:<\/p>\n\n\n\n<p>Seit 01.01.2023 haben <strong>alle <\/strong>Personen mit <strong>&nbsp;Aufenthaltsgestattung<\/strong> Zugang zu <strong>Integrationskursen<\/strong>. Es kommt nicht mehr auf das Einreisedatum oder das Herkunftsland an. Au\u00dferdem k\u00f6nnen auch Personen aus \u201esicheren Herkunftsl\u00e4ndern\u201c einen Antrag auf einen Integrationskurs stellen. Es gibt hierf\u00fcr vom BAMF ein neues<a href=\"https:\/\/www.bamf.de\/SharedDocs\/Anlagen\/DE\/Integration\/Integrationskurse\/Kursteilnehmer\/AntraegeAlle\/630-120_antrag-zulassung-integrationskurs-ausl_pdf.pdf;jsessionid=6CA42AF3BEEDCD268F5BB0177A603DAC.intranet241?__blob=publicationFile&amp;v=22\"> <strong>Antragsformular.<\/strong><\/a> Unter info@fkasyl.de bekommen Sie n\u00e4here Erkl\u00e4rungen.<\/p>\n\n\n\n<p><a href=\"https:\/\/www.fkasyl.de\/wp-content\/uploads\/2023\/01\/Fluechtlingszahlen-LB-15-22.png\"><strong>Fl\u00fcchtlingszahlen im Landkreis Ludwigsburg<\/strong> <strong>2015 &#8211; 2022 <\/strong><\/a><\/p>\n\n\n\n<p><a href=\"https:\/\/www.fkasyl.de\/wp-content\/uploads\/2022\/10\/EOK-Lehrkraefte-gesucht.pdf\"><strong>DAF-Lehrkr\u00e4fte<\/strong> <strong>bei der VHS f\u00fcr Erstorientierungskurse gesucht<\/strong><\/a><\/p>\n\n\n\n<p><strong><a href=\"https:\/\/www.ludwigsburg.de\/site\/Ludwigsburg-Internet-2020\/node\/17973543?QUERYSTRING=Dolmetscherdienst\">Ehrenamtlicher Dolmetscherdienst Ludwigsburg<\/a><\/strong>  Anfragen an: <a rel=\"noreferrer noopener\" href=\"mailto:dolmetscherdienst@ludwigsburg.de\" target=\"_blank\">dolmetscherdienst@ludwigsburg.de<\/a><\/p>\n\n\n\n<p><a href=\"https:\/\/www.fkasyl.de\/wp-content\/uploads\/2022\/01\/Infoblatt-Dolmetscher-Service.pdf\"><strong>Dolmetscherhilfe in Kitas \u2013 Schulen<\/strong><\/a><\/p>\n\n\n\n<p><a href=\"https:\/\/www.fkasyl.de\/wp-content\/uploads\/2022\/01\/Bildung-und-Teilhabe-BuT-nach-\u00a728-SGBII-1.pdf\"><strong>Bildung und Teilhabe<\/strong><\/a><strong> &nbsp;&nbsp;&nbsp;Leistungen und Angebote des LA LB f\u00fcr Kinder<\/strong><\/p>\n\n\n\n<hr class=\"wp-block-separator has-alpha-channel-opacity\"\/>\n\n\n\n<p><strong><a href=\"https:\/\/www.fkasyl.de\/wp-content\/uploads\/2020\/12\/TuerOeffner-GR-Gerlingen-Vers.17.11.2020.pdf\">T\u00fcr\u00f6ffner &#8211; ein Projekt der Caritas<\/a><\/strong>. Leerstehender Wohnraum soll f\u00fcr Menschen mit geringem Einkommen verf\u00fcgbar gemacht werden, indem den Vermietern \/ Eigent\u00fcmern \u00fcber die Caritas Beratung und Unterst\u00fctzung angeboten werden, sogar sichere Mietvertr\u00e4ge. Die Stadt Gerlingen wirbt auch f\u00fcr dieses Angebot und beteiligt sich daran.<\/p>\n\n\n\n<p><a href=\"https:\/\/www.fkasyl.de\/?page_id=89\"><strong>Infobl\u00e4tter zu Wohnungssuche, Umzug, Mietvertrag usw.&nbsp;<\/strong><\/a><\/p>\n\n\n\n<p><\/p>\n","protected":false},"excerpt":{"rendered":"<p>Wichtig: Verhalten in Krisensituationen Neu: Zugang zu Integrationskursen ab 01.01.23: Seit 01.01.2023 haben alle Personen mit &nbsp;Aufenthaltsgestattung Zugang zu Integrationskursen. [&hellip;]<\/p>\n","protected":false},"author":16,"featured_media":0,"parent":0,"menu_order":0,"comment_status":"closed","ping_status":"closed","template":"","meta":{"ngg_post_thumbnail":0,"footnotes":""},"class_list":["post-3425","page","type-page","status-publish","hentry"],"_links":{"self":[{"href":"https:\/\/www.fkasyl.de\/index.php?rest_route=\/wp\/v2\/pages\/3425","targetHints":{"allow":["GET"]}}],"collection":[{"href":"https:\/\/www.fkasyl.de\/index.php?rest_route=\/wp\/v2\/pages"}],"about":[{"href":"https:\/\/www.fkasyl.de\/index.php?rest_route=\/wp\/v2\/types\/page"}],"author":[{"embeddable":true,"href":"https:\/\/www.fkasyl.de\/index.php?rest_route=\/wp\/v2\/users\/16"}],"replies":[{"embeddable":true,"href":"https:\/\/www.fkasyl.de\/index.php?rest_route=%2Fwp%2Fv2%2Fcomments&post=3425"}],"version-history":[{"count":75,"href":"https:\/\/www.fkasyl.de\/index.php?rest_route=\/wp\/v2\/pages\/3425\/revisions"}],"predecessor-version":[{"id":4716,"href":"https:\/\/www.fkasyl.de\/index.php?rest_route=\/wp\/v2\/pages\/3425\/revisions\/4716"}],"wp:attachment":[{"href":"https:\/\/www.fkasyl.de\/index.php?rest_route=%2Fwp%2Fv2%2Fmedia&parent=3425"}],"curies":[{"name":"wp","href":"https:\/\/api.w.org\/{rel}","templated":true}]}}