{"id":3804,"date":"2022-03-24T09:53:19","date_gmt":"2022-03-24T08:53:19","guid":{"rendered":"https:\/\/www.fkasyl.de\/?page_id=3804"},"modified":"2023-11-15T14:13:07","modified_gmt":"2023-11-15T13:13:07","slug":"aktionen-zur-lage-in-moria","status":"publish","type":"page","link":"https:\/\/www.fkasyl.de\/?page_id=3804","title":{"rendered":"Aktionen zur Lage in Moria"},"content":{"rendered":"<p><strong>Bilder von der Aussstellung &#8222;Von Moria nach Kara Tepe&#8220; von Alea Horst<\/strong><\/p>\n<p>Dr. Gabi Deibler er\u00f6ffnet die Ausstellung mit einer Gruppe Realsch\u00fclerInnen, im Hintergrund alle Bilder, die zum Nachdenken und Diskutieren einladen sollen. Bitte anklicken zum Vergr\u00f6\u00dfern!<\/p>\nngg_shortcode_0_placeholder\n<hr>\n<p><strong>Vom 12. &#8211; 14. 11. fand in Gerlingen die &#8222;Leuchtturm &#8211; Aktion&#8220; statt. <\/strong>Der K\u00fcnstler H. Klopp stellte seine Installation &#8222;Leuchtturm&#8220; in Gerlingen aus, die symbolisch auf die Lage&nbsp; gefl\u00fcchteter Menschen aufmerksam machen soll. Organisiert wurde die Aktion von der Stadt Gerlingen mit Unterst\u00fctzung vom Freundeskreis Asyl und anderen Vereinen.&nbsp; <strong><a href=\"https:\/\/www.fkasyl.de\/wp-content\/uploads\/2021\/08\/Leuchtturm-Flyer_ganzseitig.pdf\">Flyer<\/a><br \/>\n<\/strong><\/p>\n<p><strong>Erg\u00e4nzend gibt es viele Veranstaltungen zu diesem Thema. Bitte die ausf\u00fchrlichen Infos <\/strong><strong>zu den einzelnen Veranstaltungen<\/strong><strong> in der Seitenleiste bei&nbsp; &#8222;Anstehende Veranstaltungen&#8220; beachten!<\/strong><\/p>\n<p><b>Mittwoch, 10.11. \u2013 Mittwoch 17.11.: Fotografien aus Moria. <\/b>Von Moria nach Kara Tepe, von Alea Horst. Open-Air-Ausstellung zwischen Gerlinger Rathaus und Schwimmhalle<\/p>\n<div class=\"tribe-events-schedule tribe-clearfix\">\n<p><strong><span class=\"tribe-event-date-start\">Samstag, 13. November @ 18:00<\/span> &#8211; <\/strong><span class=\"tribe-event-time\"><strong>19:00:<\/strong> <\/span><strong>\u00d6kumenischer Gottesdienst am Leuchtturm <\/strong>(bei Regen im Foyer Stadthalle) unter Mitwirkung Gefl\u00fcchteter. Titel: <strong>\u201eUnd wenn ein Fl\u00fcchtling bei Euch wohnt\u201c<\/strong> (3. Mose 19, 33-34), Katholische Kirchengemeinde Gerlingen und evangelische Petrus- und Lukasgemeinde<\/p>\n<p><b>Dienstag, 23.11.,19.00 Uhr:&nbsp; Lesung in der Stadtb\u00fccherei mit Brigitte Heidebrecht &#8222;Fernreise daheim&#8220;.<\/b> Von Fl\u00fcchtlingen, Kulturen, Identit\u00e4ten und anderen Ungereimtheiten.&nbsp;Eine gemeinsame Veranstaltung des FK Asyl und der Stadtb\u00fccherei Gerlingen.<\/p>\n<p><strong>Freitag, 26.11. Dokumentarfilm: Wir sind jetzt hier. <\/strong>Geschichten \u00fcber das Ankommen, von Ronja von Wurmb-Seibel und Niklas Schenck, D 2020, 45 Min., anschlie\u00dfend Gespr\u00e4ch mit dem Filmemacher Niklas Schenk und Gefl\u00fcchteten. <strong>\u00c4nderung: Voraussichtlich im Rathaus, 19.00 Uhr<\/strong><\/p>\n<hr>\n<p><strong>M\u00e4rz 2021: <a href=\"https:\/\/www.fkasyl.de\/wp-content\/uploads\/2021\/03\/Alle-Wahlpruefsteine.pdf\">Wahlpr\u00fcfsteine<\/a> am Fl\u00fcchtlingszelt<\/strong><\/p>\n<p>Eine Woche vor den Landtagswahlen fanden in zahlreichen St\u00e4dten Protestaktionen&nbsp;unter dem Motto &#8222;Menschlichkeit w\u00e4hlen &#8211; Sicherer Hafen zum Kommen und Bleiben&#8220; statt. Mit einem Zelt an der Endhaltestelle machten der FK Asyl und der AK Interkulturelle Vielfalt auf die katastrophalen Verh\u00e4ltnisse in den Fl\u00fcchtlingslagern an den R\u00e4ndern Europas aufmerksam. Die klirrende K\u00e4lte vermittelte eine Ahnung davon, wie es sich anf\u00fchlt, den Winter \u00fcber in einem Zelt ohne festen Boden ausharren zu m\u00fcssen. Erz\u00e4hlungen von Gefl\u00fcchteten erg\u00e4nzten den gezeigten Film \u00fcber das Lager Moria.&nbsp;Durch die eindr\u00fccklichen Bilder sowie Zahlen zur Aufnahme von Gefl\u00fcchteten in Gerlingen \u2013 diese sind seit Jahren r\u00fcckl\u00e4ufig \u2013 kamen B\u00fcrger:innen, darunter einige Stadtr\u00e4t:innen und B\u00fcrgermeister Oestringer, miteinander zum Thema \u201eSicherer Hafen\u201c ins Gespr\u00e4ch.&nbsp;Zudem bot sich die Gelegenheit, sich \u00fcber die Haltungen der Parteien und Landtagswahlkandidaten zur Fl\u00fcchtlingspolitik einen \u00dcberblick zu verschaffen. An einer W\u00e4scheleine rund um das Zelt hingen deren Statements. <em>CV<\/em><\/p>\n<p>Bitte die Bilder zum Vergr\u00f6\u00dfern anklicken!<\/p>\nngg_shortcode_1_placeholder\n<\/div>\n","protected":false},"excerpt":{"rendered":"<p>Bilder von der Aussstellung &#8222;Von Moria nach Kara Tepe&#8220; von Alea Horst Dr. Gabi Deibler er\u00f6ffnet die Ausstellung mit einer [&hellip;]<\/p>\n","protected":false},"author":16,"featured_media":0,"parent":0,"menu_order":0,"comment_status":"closed","ping_status":"closed","template":"page-fullwidth","meta":{"ngg_post_thumbnail":0,"footnotes":""},"class_list":["post-3804","page","type-page","status-publish","hentry"],"_links":{"self":[{"href":"https:\/\/www.fkasyl.de\/index.php?rest_route=\/wp\/v2\/pages\/3804","targetHints":{"allow":["GET"]}}],"collection":[{"href":"https:\/\/www.fkasyl.de\/index.php?rest_route=\/wp\/v2\/pages"}],"about":[{"href":"https:\/\/www.fkasyl.de\/index.php?rest_route=\/wp\/v2\/types\/page"}],"author":[{"embeddable":true,"href":"https:\/\/www.fkasyl.de\/index.php?rest_route=\/wp\/v2\/users\/16"}],"replies":[{"embeddable":true,"href":"https:\/\/www.fkasyl.de\/index.php?rest_route=%2Fwp%2Fv2%2Fcomments&post=3804"}],"version-history":[{"count":4,"href":"https:\/\/www.fkasyl.de\/index.php?rest_route=\/wp\/v2\/pages\/3804\/revisions"}],"predecessor-version":[{"id":4748,"href":"https:\/\/www.fkasyl.de\/index.php?rest_route=\/wp\/v2\/pages\/3804\/revisions\/4748"}],"wp:attachment":[{"href":"https:\/\/www.fkasyl.de\/index.php?rest_route=%2Fwp%2Fv2%2Fmedia&parent=3804"}],"curies":[{"name":"wp","href":"https:\/\/api.w.org\/{rel}","templated":true}]}}