{"id":3806,"date":"2022-03-24T09:59:07","date_gmt":"2022-03-24T08:59:07","guid":{"rendered":"https:\/\/www.fkasyl.de\/?page_id=3806"},"modified":"2023-11-27T15:11:06","modified_gmt":"2023-11-27T14:11:06","slug":"aktionen-zur-lage-der-gefluechteten","status":"publish","type":"page","link":"https:\/\/www.fkasyl.de\/?page_id=3806","title":{"rendered":"Aktionen, Veranstaltungen"},"content":{"rendered":"\n<p>Wir m\u00f6chten nicht nur die Gefl\u00fcchteten in Gerlingen unterst\u00fctzen, sondern auch die \u00d6ffentlichkeit \u00fcber die Lage der Gefl\u00fcchteten z.B. in Fl\u00fcchtlingslagern informieren. So k\u00f6nnen wir vielleicht dazu beitragen, dass hier das Verst\u00e4ndnis f\u00fcr die Menschen w\u00e4chst und sich eventuell auch die Lage vor Ort verbessert.<\/p>\n\n\n\n<p><strong>Kleideraktionen des FKAG im Fr\u00fchjahr (Sommeraktion) und Herbst (Winteraktion):<\/strong><\/p>\n\n\n\n<div class=\"wp-block-columns is-layout-flex wp-container-core-columns-is-layout-28f84493 wp-block-columns-is-layout-flex\">\n<div class=\"wp-block-column is-layout-flow wp-block-column-is-layout-flow\" style=\"flex-basis:25%\">\nngg_shortcode_0_placeholder\n<\/div>\n\n\n\n<div class=\"wp-block-column is-layout-flow wp-block-column-is-layout-flow\" style=\"flex-basis:75%\">\n<p><strong>Gemeinschaftlicher Einsatz f\u00fcr Fl\u00fcchtlinge:<\/strong> Winterbekleidungsaktion bringt W\u00e4rme und Solidarit\u00e4t: Am 5. November 2023 fand eine beeindruckende Winterbekleidungsaktion f\u00fcr Fl\u00fcchtlinge statt, bei der \u00fcber 250 Menschen erreicht wurden. Gro\u00dfz\u00fcgige Ausgaben von Kleidung, Schuhen, Spielzeug, Handt\u00fcchern und Bettw\u00e4sche trugen dazu bei, diesen bed\u00fcrftigen Menschen eine warme Winterausstattung zu erm\u00f6glichen. Ein besonderer Dank geb\u00fchrt Breuninger, die eine bedeutende Menge an Kleidung beigesteuert haben. Die Hilfsbereitschaft der Gemeinschaft war sp\u00fcrbar, da sowohl engagierte Einwohner aus Gerlingen als auch Fl\u00fcchtlinge selbst ihre Unterst\u00fctzung anboten. Hervorzuheben ist auch der Einsatz von Sch\u00fclerinnen des Robert Bosch Gymnasiums, die tatkr\u00e4ftig mit angepackt haben. Selbst die \u00f6rtliche B\u00e4ckerei Katz trug dazu bei, indem sie gro\u00dfz\u00fcgige Brezeln f\u00fcr die engagierten Helfer spendete. Die nicht ben\u00f6tigten Sachspenden wurden von der Stuttgarter Organisation \u201eUkraine SoS e.V.\u201c abgeholt und in die Ukraine transportiert, um auch dort Hilfe zu leisten. Ein herzlicher Dank geht an alle Helfer und Unterst\u00fctzer, die mit ihrem Einsatz dazu beigetragen haben, dass diese Aktion zu einem Erfolg wurde. In einer Zeit, in der Solidarit\u00e4t mehr denn je gefragt ist, zeigt dieses gemeinschaftliche Engagement, dass Mitgef\u00fchl und Hilfe \u00fcber Grenzen hinweg reichen k\u00f6nnen.<\/p>\n<\/div>\n<\/div>\n\n\n\n<p><\/p>\n\n\n\n<p><a href=\"https:\/\/www.fkasyl.de\/?page_id=3613\"><strong>Rettungskette Gerlingen<\/strong><\/a><\/p>\n\n\n\n<p><a href=\"https:\/\/www.fkasyl.de\/?page_id=3804\"><strong>Ausstellung zu Moria &#8211; Leuchtturmaktion<\/strong><\/a><\/p>\n","protected":false},"excerpt":{"rendered":"<p>Wir m\u00f6chten nicht nur die Gefl\u00fcchteten in Gerlingen unterst\u00fctzen, sondern auch die \u00d6ffentlichkeit \u00fcber die Lage der Gefl\u00fcchteten z.B. in [&hellip;]<\/p>\n","protected":false},"author":16,"featured_media":0,"parent":0,"menu_order":0,"comment_status":"closed","ping_status":"closed","template":"page-fullwidth","meta":{"ngg_post_thumbnail":0,"footnotes":""},"class_list":["post-3806","page","type-page","status-publish","hentry"],"_links":{"self":[{"href":"https:\/\/www.fkasyl.de\/index.php?rest_route=\/wp\/v2\/pages\/3806","targetHints":{"allow":["GET"]}}],"collection":[{"href":"https:\/\/www.fkasyl.de\/index.php?rest_route=\/wp\/v2\/pages"}],"about":[{"href":"https:\/\/www.fkasyl.de\/index.php?rest_route=\/wp\/v2\/types\/page"}],"author":[{"embeddable":true,"href":"https:\/\/www.fkasyl.de\/index.php?rest_route=\/wp\/v2\/users\/16"}],"replies":[{"embeddable":true,"href":"https:\/\/www.fkasyl.de\/index.php?rest_route=%2Fwp%2Fv2%2Fcomments&post=3806"}],"version-history":[{"count":10,"href":"https:\/\/www.fkasyl.de\/index.php?rest_route=\/wp\/v2\/pages\/3806\/revisions"}],"predecessor-version":[{"id":4783,"href":"https:\/\/www.fkasyl.de\/index.php?rest_route=\/wp\/v2\/pages\/3806\/revisions\/4783"}],"wp:attachment":[{"href":"https:\/\/www.fkasyl.de\/index.php?rest_route=%2Fwp%2Fv2%2Fmedia&parent=3806"}],"curies":[{"name":"wp","href":"https:\/\/api.w.org\/{rel}","templated":true}]}}