{"id":3817,"date":"2022-03-24T11:01:40","date_gmt":"2022-03-24T10:01:40","guid":{"rendered":"https:\/\/www.fkasyl.de\/?page_id=3817"},"modified":"2023-02-18T13:57:41","modified_gmt":"2023-02-18T12:57:41","slug":"ukraine-hilfe-in-gerlingen","status":"publish","type":"page","link":"https:\/\/www.fkasyl.de\/?page_id=3817","title":{"rendered":"Ukrainehilfe Gerlingen"},"content":{"rendered":"\n<h4 class=\"wp-block-heading\"><a href=\"https:\/\/www.fkasyl.de\/?page_id=4195\">Ansprechpartner*innen der Stadt Gerlingen<\/a><\/h4>\n\n\n\n<p>Hier bekommen Sie Hilfe zu allen Fragen: Asylrecht, Deutschkurse und Schulsystem, Wohnraum und vieles Andere. Sie k\u00f6nnen sich bei Formularen, Anmeldung z.B. f\u00fcr Deutschkurse usw. anmelden lassen. <\/p>\n\n\n\n<p>Informieren Sie sich auch \u00fcber <strong><a href=\"https:\/\/www.fkasyl.de\/?page_id=1721\">&#8222;Wichtige Webadressen&#8220;<\/a><\/strong><\/p>\n\n\n\n<h4 class=\"wp-block-heading\">Hilfsaktionen \/ Unterst\u00fctzung f\u00fcr Gefl\u00fcchtete aus der Ukraine&nbsp;&nbsp;&nbsp;<\/h4>\n\n\n\n<p>Inzwischen sind die Integrationsmanagerin Frau K\u00f6lmel und andere Vertreter*innen der Stadt Gerlingen gut vernetzt mit dem Freundeskreis Asyl, der Mitmachzentrale <strong><a href=\"https:\/\/die-mitmachzentrale.info\/\">MMZ<\/a><\/strong> \/ Hirsch und anderen Gruppen \/ Vereinen \/ Ehrenamtlichen sowie den Vertreterinnen der Ukrainer*innen. Absprachen, Koordination und Projekte k\u00f6nnen so gut geplant werden, damit es nicht viel \u00dcberschneidungen gibt und jede Gruppe sinnvoll arbeiten kann. Eine <strong>Digitale Plattform<\/strong> zum Austausch hat sich etabliert, der Space &#8222;Koordination Fl\u00fcchtlingshilfe, Begegnungsort&#8220; auf der Plattform <strong><a href=\"https:\/\/gerlingen.digital\/index.php?r=user%2Fauth%2Flogin\">Gerlingen Digital.<\/a><\/strong><\/p>\n\n\n\n<p><strong><span style=\"color: #ff0000;\">Lust, mitzumachen? Wir freuen uns \u00fcber alle!!<\/span><\/strong>&nbsp; Man kann an<strong><a href=\"mailto:info@fkasyl.de\"> info@fkasyl.de<\/a><\/strong> schreiben oder sich in der Mitmachzentrale (Hirsch) anmelden. Das geht am besten \u00fcber die Website: <strong><a href=\"https:\/\/die-mitmachzentrale.info\/\">https:\/\/die-mitmachzentrale.info\/&nbsp;<\/a><\/strong> \u00fcber<strong><a href=\"https:\/\/die-mitmachzentrale.info\/kontakt\/\">&nbsp;<\/a><a href=\"https:\/\/die-mitmachzentrale.info\/?page_id=178\"> &#8222;Kontakt&#8220;.<\/a><\/strong> Man kann sich leider nicht mehr selbst registrieren, da sich in letzter Zeit viele Leute angemeldet haben, die nur st\u00f6ren wollten. Dann bekommt man in 1-2 Tagen die Einladung zum Forum <strong><a href=\"https:\/\/gerlingen.digital\/index.php?r=user%2Fauth%2Flogin\">Gerlingen Digital<\/a><\/strong> zugeschickt und kann sich einloggen. GD ist eine Art &#8222;Facebook f\u00fcr Gerlinger*innen&#8220; auf einem sicheren Server und nur Eingeladene haben Zutritt.<\/p>\n\n\n\n<p><a href=\"https:\/\/www.fkasyl.de\/wp-content\/uploads\/2022\/04\/9-Neues-Infoblatt-der-Unfallkasse-BW.pdf\"><strong>Versicherungsschutz f\u00fcr Ehrenamtliche Unfallkasse BW&nbsp;&nbsp;&nbsp; <\/strong><\/a><a href=\"https:\/\/www.fkasyl.de\/wp-content\/uploads\/2022\/04\/9-Neues-Infoblatt-des-Versicherungsdienstes-Ecclesia.pdf\"><strong>Versicherungsschutz f\u00fcr Ehrenamtliche <\/strong><strong>Ecclesia<\/strong><\/a><\/p>\n\n\n\n<hr class=\"wp-block-separator has-alpha-channel-opacity\"\/>\n\n\n\n<h4 class=\"wp-block-heading\">Informationen f\u00fcr Gefl\u00fcchtete aus der Ukraine<\/h4>\n\n\n\n<p><strong><a href=\"https:\/\/www.germany4ukraine.de\/hilfeportal-de\">Hilfeportal des Bundesinnenministeriums<\/a><\/strong><\/p>\n\n\n\n<p><strong><a href=\"https:\/\/lobw.kultus-bw.de\/lobw\/Vpo\">Internet-Portal zur Gewinnung von Unterst\u00fctzungskr\u00e4ften<\/a><\/strong> f\u00fcr die Beschulung gefl\u00fcchteter Kinder und Jugendlicher wurde eingerichtet. Vor allem auch gefl\u00fcchteten ukrainischen Lehrkr\u00e4ften soll dar\u00fcber einen Zugang in unser Schulsystem erm\u00f6glicht werden. Erl\u00e4uterungen zur Nutzung des Portals liegen deshalb auch in ukrainischer und russischer Sprache vor.<\/p>\n\n\n\n<p><strong><a href=\"https:\/\/www.fkasyl.de\/wp-content\/uploads\/2022\/04\/Flyer-Sprachmittler-Schulung-Mai-2022.pdf\">Sprachmittlerschulung<\/a><\/strong> f\u00fcr ehrenamtliche Dolmetschert\u00e4tigkeiten z.B. f\u00fcr Arztbesuche, Beh\u00f6rden, Schulen&#8230;<\/p>\n\n\n\n<p><strong><a href=\"https:\/\/www.justiz-bw.de\/,Lde\/Startseite\/Auslaender+und+Fluechtlingspolitik\/Informationen+zur+Ukraine\">Justizministerium BW&nbsp; zu Ausl\u00e4nder- und Fl\u00fcchtlingspolitik<\/a><\/strong><\/p>\n\n\n\n<p><a href=\"https:\/\/www.integrationsbeauftragte.de\/ib-de\/staatsministerin\/krieg-in-der-ukraine\"><strong>Informationen des Staatsministeriums (Integrationsbeauftragte) zu Einreise, Aufenthalt usw&nbsp;<\/strong><\/a>in Deutsch, Englisch, Russisch, Ukrainisch mit Flyern \u00fcber QR-Code<\/p>\n\n\n\n<p><strong><a href=\"https:\/\/handbookgermany.de\/de.html\">Ankommen in Deutschland&nbsp;<\/a>&nbsp; in 8 Sprachen<\/strong><\/p>\n\n\n\n<p><a href=\"https:\/\/fluechtlingsrat-bw.de\/\"><strong>Fl\u00fcchtlingsrat Baden-W\u00fcrttemberg<\/strong><\/a><\/p>\n\n\n\n<h4 class=\"wp-block-heading\"><strong>Deutsch Lernen : Kurse<\/strong> und Apps<\/h4>\n\n\n\n<p><a href=\"https:\/\/www.fkasyl.de\/wp-content\/uploads\/2022\/04\/Newsletter-Schulen.pdf\"><strong>Infos vom Kultusministerium zu Schulen \u2013 Schulsystem<\/strong><\/a><\/p>\n\n\n\n<p><a href=\"http:\/\/www.vhs-gerlingen.de\"><strong>Volkshochschule (VHS) Gerlingen<\/strong><\/a> Anmeldung \u00fcber Frau K\u00f6lmel (siehe oben)  <\/p>\n\n\n\n<p><strong><a href=\"https:\/\/www.phase-6.de\/standwithukraine\/?utm_source=phase6.newsletter&amp;utm_medium=email&amp;utm_campaign=nl_learnmatchUA_EK_FM\">Kostenlose Lernapp&nbsp; Ukraine-Edition<\/a><\/strong><\/p>\n\n\n\n<p><a href=\"https:\/\/www.jicki.de\/deutsch-ukrainisch\/\"><strong>Kostenloser Online-Sprachkurs <\/strong><\/a>Die Freiburger Sprachlern-App Jicki bietet ab sofort kostenlose Online-Sprachkurse Deutsch-Ukrainisch und Ukrainisch-Deutsch an. Die Kurse k\u00f6nnen ohne Anmeldung direkt auf der Website sowie in der dazugeh\u00f6rigen App genutzt werden.&nbsp;<\/p>\n\n\n\n<p><a href=\"https:\/\/www.jicki.de\/deutsch-ukrainisch\/\"><strong>\u0411\u0435\u0437\u043a\u043e\u0448\u0442\u043e\u0432\u043d\u0456 \u043c\u043e\u0432\u043d\u0456 \u043a\u0443\u0440\u0441\u0438 \u00ab\u041d\u0456\u043c\u0435\u0446\u044c\u043a\u0430-\u0443\u043a\u0440\u0430\u0457\u043d\u0441\u044c\u043a\u0430\u00bb \u0442\u0430 \u00ab\u0423\u043a\u0440\u0430\u0457\u043d\u0441\u044c\u043a\u0430-\u043d\u0456\u043c\u0435\u0446\u044c\u043a\u0430\u00bb<\/strong><\/a>\u0414\u043e\u0434\u0430\u0442\u043e\u043a \u0434\u043b\u044f \u0432\u0438\u0432\u0447\u0435\u043d\u043d\u044f \u043c\u043e\u0432\u0438 \u0443 \u0424\u0440\u0430\u0439\u0431\u0443\u0440\u0437\u0456 \u0414\u0436\u0456\u043a\u0456 \u0432\u0456\u0434 \u043d\u0435\u0434\u0430\u0432\u043d\u0430 \u043f\u0440\u043e\u043f\u043e\u043d\u0443\u0454 \u0431\u0435\u0437\u043a\u043e\u0448\u0442\u043e\u0432\u043d\u0456 \u043e\u043d\u043b\u0430\u0439\u043d-\u043a\u0443\u0440\u0441\u0438 \u043d\u0456\u043c\u0435\u0446\u044c\u043a\u043e\u0457-\u0443\u043a\u0440\u0430\u0457\u043d\u0441\u044c\u043a\u043e\u0457 \u0442\u0430 \u0443\u043a\u0440\u0430\u0457\u043d\u0441\u044c\u043a\u043e\u0457-\u043d\u0456\u043c\u0435\u0446\u044c\u043a\u043e\u0457 \u043c\u043e\u0432. \u041a\u0443\u0440\u0441\u0438 \u043c\u043e\u0436\u043d\u0430 \u0432\u0438\u043a\u043e\u0440\u0438\u0441\u0442\u043e\u0432\u0443\u0432\u0430\u0442\u0438 \u0431\u0435\u0437\u043f\u043e\u0441\u0435\u0440\u0435\u0434\u043d\u044c\u043e \u043d\u0430 \u0432\u0435\u0431-\u0441\u0430\u0439\u0442\u0456 \u0442\u0430 \u0443 \u0434\u043e\u0434\u0430\u0442\u043a\u0443 \u0431\u0435\u0437 \u0440\u0435\u0454\u0441\u0442\u0440\u0430\u0446\u0456\u0457. \u0422\u0443\u0442 \u0432\u0438 \u043c\u043e\u0436\u0435\u0442\u0435 \u043f\u0435\u0440\u0435\u0439\u0442\u0438 \u0431\u0435\u0437\u043f\u043e\u0441\u0435\u0440\u0435\u0434\u043d\u044c\u043e \u0434\u043e \u043c\u043e\u0432\u043d\u0438\u0445 \u043a\u0443\u0440\u0441\u0456\u0432: <strong><a href=\"https:\/\/www.jicki.de\/deutsch-ukrainisch\/\">h<\/a><\/strong>   <strong> <a href=\"https:\/\/www.jicki.de\/deutsch-ukrainisch\/\">Jicky Kostenlos Deutsch lernen<\/a><\/strong><\/p>\n\n\n\n<p>Die Zulassung zum <strong>Integrationskurs<\/strong> ist f\u00fcr gefl\u00fcchtete Ukrainer*innen auf Antrag m\u00f6glich. Integrationskurse in der N\u00e4he gibt es in Stuttgart, Leonberg, Ludwigsburg und Kornwestheim. <strong>Aktuelle Kursangebote<\/strong> lassen sich schnell und einfach mit Hilfe des <strong><a href=\"https:\/\/bamf-navi.bamf.de\/de\/\">Auskunftssystems BAMF-NAvI<\/a><\/strong> herausfinden.<\/p>\n\n\n\n<h4 class=\"wp-block-heading\">Wohnen \u2013 Jobcenter Ludwigsburg \u2013 Leistungen<\/h4>\n\n\n\n<p>Da sich die Informationen immer wieder \u00e4ndern, informieren Sie sich bitte beim Landratsamt Ludwigsburg \u00fcber <strong><a href=\"https:\/\/www.fkasyl.de\/?page_id=1721\">&#8222;Wichtige Websites&#8220;<\/a><\/strong><\/p>\n\n\n\n<h4 class=\"wp-block-heading\">Gesundheit &#8211; \u00c4rzte<\/h4>\n\n\n\n<p><a href=\"https:\/\/www.fkasyl.de\/wp-content\/uploads\/2022\/04\/Russische-Aerzte.pdf\"><strong>Russisch sprechende \u00c4rztinnen im Raum Stuttgart \u2013 Ludwigsburg<\/strong><\/a><\/p>\n\n\n\n<p><a href=\"https:\/\/www.landkreis-ludwigsburg.de\/de\/verkehr-sicherheit-ordnung\/asyl-fluechtlingsarbeit\/fluechtlinge-aus-der-ukraine\/\"><strong>Aktuelle Informationen zu Gesundheit, z.B.  Impfungen, beim Landratsamt Ludwigsburg<\/strong><\/a><\/p>\n","protected":false},"excerpt":{"rendered":"<p>Ansprechpartner*innen der Stadt Gerlingen Hier bekommen Sie Hilfe zu allen Fragen: Asylrecht, Deutschkurse und Schulsystem, Wohnraum und vieles Andere. Sie [&hellip;]<\/p>\n","protected":false},"author":16,"featured_media":0,"parent":0,"menu_order":0,"comment_status":"closed","ping_status":"closed","template":"","meta":{"ngg_post_thumbnail":0,"footnotes":""},"class_list":["post-3817","page","type-page","status-publish","hentry"],"_links":{"self":[{"href":"https:\/\/www.fkasyl.de\/index.php?rest_route=\/wp\/v2\/pages\/3817","targetHints":{"allow":["GET"]}}],"collection":[{"href":"https:\/\/www.fkasyl.de\/index.php?rest_route=\/wp\/v2\/pages"}],"about":[{"href":"https:\/\/www.fkasyl.de\/index.php?rest_route=\/wp\/v2\/types\/page"}],"author":[{"embeddable":true,"href":"https:\/\/www.fkasyl.de\/index.php?rest_route=\/wp\/v2\/users\/16"}],"replies":[{"embeddable":true,"href":"https:\/\/www.fkasyl.de\/index.php?rest_route=%2Fwp%2Fv2%2Fcomments&post=3817"}],"version-history":[{"count":71,"href":"https:\/\/www.fkasyl.de\/index.php?rest_route=\/wp\/v2\/pages\/3817\/revisions"}],"predecessor-version":[{"id":4638,"href":"https:\/\/www.fkasyl.de\/index.php?rest_route=\/wp\/v2\/pages\/3817\/revisions\/4638"}],"wp:attachment":[{"href":"https:\/\/www.fkasyl.de\/index.php?rest_route=%2Fwp%2Fv2%2Fmedia&parent=3817"}],"curies":[{"name":"wp","href":"https:\/\/api.w.org\/{rel}","templated":true}]}}