{"id":4195,"date":"2022-11-18T16:46:55","date_gmt":"2022-11-18T15:46:55","guid":{"rendered":"https:\/\/www.fkasyl.de\/?page_id=4195"},"modified":"2024-11-28T18:13:25","modified_gmt":"2024-11-28T17:13:25","slug":"beratung","status":"publish","type":"page","link":"https:\/\/www.fkasyl.de\/?page_id=4195","title":{"rendered":"Beratung"},"content":{"rendered":"\n<h4 class=\"wp-block-heading\"><strong>AnsprechpartnerInnen der Stadt Gerlingen f\u00fcr Gefl\u00fcchtete<\/strong> (<a href=\"http:\/\/www.gerlingen.de\">www.gerlingen.de<\/a> Familie und Soziales)<\/h4>\n\n\n\n<div class=\"wp-block-columns is-layout-flex wp-container-core-columns-is-layout-28f84493 wp-block-columns-is-layout-flex\">\n<div class=\"wp-block-column is-layout-flow wp-block-column-is-layout-flow\" style=\"flex-basis:100%\">\n<div class=\"wp-block-columns is-layout-flex wp-container-core-columns-is-layout-28f84493 wp-block-columns-is-layout-flex\">\n<div class=\"wp-block-column is-layout-flow wp-block-column-is-layout-flow\" style=\"flex-basis:100%\">\n<div class=\"wp-block-columns is-layout-flex wp-container-core-columns-is-layout-28f84493 wp-block-columns-is-layout-flex\">\n<div class=\"wp-block-column is-layout-flow wp-block-column-is-layout-flow\">\n<p><strong>Fl\u00fcchtlingsarbeit:<\/strong><br>Frau NatalieL\u00fcring<br>Telefon (0 71 56) 2 05-80 07<br>E-Mail <a href=\"mailto:N.Luering@gerlingen.de\"><strong>N.Luering@gerlingen.de<\/strong><\/a><br>Rathaus Zimmer 007, Erdgeschoss<\/p>\n<\/div>\n\n\n\n<div class=\"wp-block-column is-layout-flow wp-block-column-is-layout-flow\">\n<p><strong>Fl\u00fcchtlingsarbeit:<\/strong><br>Herr Gianmarco Iadicicco<br>Telefon: (07156) 205-7010 <br>E-Mail: <a href=\"mailto:g.iadicicco@gerlingen.de\"><strong>g.iadicicco@gerlingen.de <\/strong><\/a><br>Raum 007, Erdgeschoss<\/p>\n<\/div>\n\n\n\n<div class=\"wp-block-column is-layout-flow wp-block-column-is-layout-flow\">\n<p><strong>Wohnungsvermittlung:<\/strong><br>Amt f\u00fcr Geb\u00e4udemanagement, Frau Bayindir<br>Telefon: (0 71 56) 2 05-72 10,<br>E-Mail: <a href=\"mailto:s.bayindir@gerlingen.de\"><strong>s.bayindir@gerlingen.de<\/strong><\/a>                               Rathaus Raum 210<\/p>\n<\/div>\n<\/div>\n<\/div>\n<\/div>\n<\/div>\n<\/div>\n\n\n\n<p>Soziale Beratung und Begleitung von Gefl\u00fcchteten. Hier bekommen Sie Hilfe und Unterst\u00fctzung bei vielen Fragen des Alltags, vom Ausf\u00fcllen von Formularen bis zu Fragen des Asylrechts und vieles mehr<strong>.<\/strong> <\/p>\n\n\n\n<p><strong>Koordination der lokalen ehrenamtlichen Hilfsangebote:<\/strong> Frau Hillmann <a rel=\"noopener\" href=\"mailto:B.Hillmann@gerlingen.de\" target=\"_blank\"><strong>B.Hillmann@gerlingen.de<\/strong><\/a><\/p>\n\n\n\n<p><strong><a href=\"https:\/\/www.fkasyl.de\/wp-content\/uploads\/2024\/10\/Flyer-SSA-24_25.pdf\">Schulsozialarbeit Flyer<\/a><\/strong><\/p>\n\n\n\n<h4 class=\"wp-block-heading\">AnsprechpartnerInnen des Landratsamts LB f\u00fcr die Siemensstra\u00dfe (\u00dcbergangsunterbringung)<\/h4>\n\n\n\n<p>Frau Petra Steuer, Mobil: 0170 761 9330,&nbsp; <a href=\"mailto:Petra.Steuer@landkreis-ludwigsburg.de\"><strong>Petra.Steuer@landkreis-ludwigsburg.de<\/strong><\/a><\/p>\n\n\n\n<h4 class=\"wp-block-heading has-large-font-size\"><strong>Freundeskreis Asyl<\/strong> <\/h4>\n\n\n\n<h4 class=\"wp-block-heading\"><a href=\"https:\/\/www.fkasyl.de\/wp-content\/uploads\/2024\/11\/KDV-angebote-allg-2024_final.pdf\">Kreisdiakonieverband Ludwigsburg Angebote<\/a><\/h4>\n\n\n\n<p>Wir arbeiten eng mit dem Amt f\u00fcr Soziales der Stadt Gerlingen zusammen. Wir vernetzen&nbsp; und erarbeiten Projekte, z. B Ausstellungen im Stadtmuseum oder auf dem Rathausplatz. Ebenso halten wir engen Kontakt mit den Sozialarbeiter\/innen vom Landratsamt Ludwigsburg und der Stadt Gerlingen und besprechen mit ihnen alle Belange der Asylsuchenden. Wir haben auch f\u00fcr verschiedene Themen Spezialist*innen im Kreis, die Ihnen weiterhelfen k\u00f6nnen:  <a href=\"https:\/\/www.fkasyl.de\/wp-content\/uploads\/2021\/05\/Aufbau-Steuerungsgruppe-21.pdf\"><strong>Mitglieder der Steuerungsgruppe und ihre Spezialgebiete<\/strong><\/a>         Schreiben Sie an <strong><a href=\"mailto:info@fkasyl.de\">info@fkasyl.de<\/a><\/strong><\/p>\n\n\n\n<h4 class=\"wp-block-heading\"><a href=\"https:\/\/www.fachstelle-asyl.de\/angebote-fuer-ehrenamtliche\/verfahrensberatung-asyl.html\" data-type=\"URL\" data-id=\"https:\/\/www.fachstelle-asyl.de\/angebote-fuer-ehrenamtliche\/verfahrensberatung-asyl.html\"><strong>Verfahrensberatung<\/strong> <\/a>    <strong><a href=\"https:\/\/www.fkasyl.de\/wp-content\/uploads\/2023\/02\/Flyer_Verfahrensberatung_Juni_2020-2.pdf\">Infoflyer<\/a><\/strong><\/h4>\n\n\n\n<p><\/p>\n\n\n\n<p>Beratung in der Fachstelle Asyl Ludwigsburg zum Asylverfahren \/ Asylrecht. Adresse: <em>\u00d6kumenische Fachstelle Asyl, <\/em>Kreisdiakonieverband Ludwigsburg, Untere Marktstr. 3, 71634 Ludwigsburg. Diese Mitglieder unserer Steuerungsgruppe sind ausgebildet f\u00fcr Verfahrensberatung und sind auch dabei: Gabi Deibler, Holger Kaun, Dagmar St\u00fctzel-Kaun, Claudia Volz.<\/p>\n\n\n\n<p><strong>Ansprechpartner Holger Kaun<\/strong>: Tel. +49&nbsp;1761 1954223,  email:<strong>&nbsp;\u200b<a rel=\"noreferrer noopener\" href=\"mailto:H.Kaun@kreisdiakonieverband-lb.de\" target=\"_blank\">H.Kaun@kdv-lb.de<\/a><\/strong><\/p>\n\n\n\n<h4 class=\"wp-block-heading\">Psychologische Beratung<\/h4>\n\n\n\n<p><a href=\"https:\/\/www.stuttgart-evangelisch.de\/ukrainische-psychologin-hilft-landsleuten\"><strong>Ukrainische Psychologin<\/strong> <\/a>   <\/p>\n\n\n\n<p> <a href=\"https:\/\/elternratgeber-fluechtlinge.de\/\"><strong>&#8222;Elternratgeber Fl\u00fcchtlinge&#8220;<\/strong><\/a>: Die Website der Bundespsychotherapeutenkammer bietet Hilfe beim Umgang mit Traumata. Die Seite kann in mehreren Sprachen (Arabisch, Englisch, Farsi, Kurdisch, Russisch und Ukrainisch) aufgerufen werden.<\/p>\n\n\n\n<h4 class=\"wp-block-heading\"><a href=\"https:\/\/www.fkasyl.de\/wp-admin\/post.php?post=4215&amp;action=edit\"><strong>Wichtige Webadressen<\/strong><\/a><\/h4>\n\n\n\n<p>Hier finden Sie schon viele Informationen online!<\/p>\n","protected":false},"excerpt":{"rendered":"<p>AnsprechpartnerInnen der Stadt Gerlingen f\u00fcr Gefl\u00fcchtete (www.gerlingen.de Familie und Soziales) Fl\u00fcchtlingsarbeit:Frau NatalieL\u00fcringTelefon (0 71 56) 2 05-80 07E-Mail N.Luering@gerlingen.deRathaus Zimmer [&hellip;]<\/p>\n","protected":false},"author":16,"featured_media":0,"parent":0,"menu_order":0,"comment_status":"closed","ping_status":"closed","template":"page-fullwidth","meta":{"ngg_post_thumbnail":0,"footnotes":""},"class_list":["post-4195","page","type-page","status-publish","hentry"],"_links":{"self":[{"href":"https:\/\/www.fkasyl.de\/index.php?rest_route=\/wp\/v2\/pages\/4195","targetHints":{"allow":["GET"]}}],"collection":[{"href":"https:\/\/www.fkasyl.de\/index.php?rest_route=\/wp\/v2\/pages"}],"about":[{"href":"https:\/\/www.fkasyl.de\/index.php?rest_route=\/wp\/v2\/types\/page"}],"author":[{"embeddable":true,"href":"https:\/\/www.fkasyl.de\/index.php?rest_route=\/wp\/v2\/users\/16"}],"replies":[{"embeddable":true,"href":"https:\/\/www.fkasyl.de\/index.php?rest_route=%2Fwp%2Fv2%2Fcomments&post=4195"}],"version-history":[{"count":34,"href":"https:\/\/www.fkasyl.de\/index.php?rest_route=\/wp\/v2\/pages\/4195\/revisions"}],"predecessor-version":[{"id":4911,"href":"https:\/\/www.fkasyl.de\/index.php?rest_route=\/wp\/v2\/pages\/4195\/revisions\/4911"}],"wp:attachment":[{"href":"https:\/\/www.fkasyl.de\/index.php?rest_route=%2Fwp%2Fv2%2Fmedia&parent=4195"}],"curies":[{"name":"wp","href":"https:\/\/api.w.org\/{rel}","templated":true}]}}