{"id":5,"date":"2016-05-22T08:03:38","date_gmt":"2016-05-22T08:03:38","guid":{"rendered":"http:\/\/fkasyl.de\/?page_id=5"},"modified":"2026-02-21T11:37:55","modified_gmt":"2026-02-21T10:37:55","slug":"wir-ueber-uns","status":"publish","type":"page","link":"https:\/\/www.fkasyl.de\/","title":{"rendered":"Willkommen"},"content":{"rendered":"\n<h4 class=\"wp-block-heading\"><a href=\"https:\/\/www.fkasyl.de\/wp-content\/uploads\/2026\/02\/Einladung-Austauschtreffen-26.png\">Austauschtreffen 20. M\u00e4rz 26 Familienzentrum<\/a><\/h4>\n\n\n\n<h4 class=\"wp-block-heading\"><a href=\"https:\/\/www.fkasyl.de\/wp-content\/uploads\/2026\/02\/Sprachcafe.png\">Sprachcafe im Hirsch:<\/a> 19.03, 16.04., 07.05., 18.06., 09.07. 2026<\/h4>\n\n\n\n<h4 class=\"wp-block-heading\"><a href=\"https:\/\/www.fkasyl.de\/wp-content\/uploads\/2025\/10\/Deutsch-Hilfe-mit-Eva_10_25_Aushang.pdf\">Deutsch-Hilfe in der Unterkunft Siemensstra\u00dfe (Begleitung zum Kurs)<\/a><\/h4>\n\n\n\n<div class=\"wp-block-columns is-layout-flex wp-container-core-columns-is-layout-28f84493 wp-block-columns-is-layout-flex\">\n<div class=\"wp-block-column is-layout-flow wp-block-column-is-layout-flow\">\n<h4 class=\"wp-block-heading\"><a href=\"https:\/\/ehrenamt.gerlingen.de\/\">Ehrenamtsportal der Stadt Gerlingen<\/a> Hier finden Sie viele Vereine und Gruppen, die ehrenamtlich t\u00e4tig sind. Vielleicht haben Sie auch Lust, mitzumachen?!<\/h4>\n<\/div>\n\n\n\n<div class=\"wp-block-column is-layout-flow wp-block-column-is-layout-flow\">\n<figure class=\"wp-block-image size-large is-resized\"><img loading=\"lazy\" decoding=\"async\" width=\"1024\" height=\"1024\" src=\"https:\/\/www.fkasyl.de\/wp-content\/uploads\/2024\/11\/Format-Social-Media_-Ehrenamtsportal_Blau_01-1024x1024.jpeg\" alt=\"\" class=\"wp-image-4903\" style=\"width:216px;height:auto\" srcset=\"https:\/\/www.fkasyl.de\/wp-content\/uploads\/2024\/11\/Format-Social-Media_-Ehrenamtsportal_Blau_01-1024x1024.jpeg 1024w, https:\/\/www.fkasyl.de\/wp-content\/uploads\/2024\/11\/Format-Social-Media_-Ehrenamtsportal_Blau_01-300x300.jpeg 300w, https:\/\/www.fkasyl.de\/wp-content\/uploads\/2024\/11\/Format-Social-Media_-Ehrenamtsportal_Blau_01-150x150.jpeg 150w, https:\/\/www.fkasyl.de\/wp-content\/uploads\/2024\/11\/Format-Social-Media_-Ehrenamtsportal_Blau_01-768x768.jpeg 768w, https:\/\/www.fkasyl.de\/wp-content\/uploads\/2024\/11\/Format-Social-Media_-Ehrenamtsportal_Blau_01-765x765.jpeg 765w, https:\/\/www.fkasyl.de\/wp-content\/uploads\/2024\/11\/Format-Social-Media_-Ehrenamtsportal_Blau_01.jpeg 1080w\" sizes=\"auto, (max-width: 1024px) 100vw, 1024px\" \/><\/figure>\n<\/div>\n<\/div>\n\n\n\n<h4 class=\"wp-block-heading\"><a href=\"https:\/\/fluechtlingsrat-bw.de\/gesundheit-und-soziales\/wecare-digitale-psychosoziale-beratung-fuer-gefluechtete\/\">WeCare: Psychosoziale Beratung f\u00fcr Gefl\u00fcchtete<\/a><\/h4>\n\n\n\n<h4 class=\"wp-block-heading\"><a href=\"https:\/\/www.fkasyl.de\/wp-content\/uploads\/2024\/10\/Flyer-SSA-24_25.pdf\"><strong>Flyer Schulsozialarbeit<\/strong><\/a><\/h4>\n\n\n\n<h4 class=\"wp-block-heading\"><a href=\"https:\/\/www.bpb.de\/themen\/migration-integration\/monatsrueckblick\/552370\/migrationspolitik-juli-und-august-2024\/#node-content-title-1\">Gute Beitr\u00e4ge zum Thema Migration <\/a> Bundeszentrale politische Bildung<\/h4>\n\n\n\n<h4 class=\"wp-block-heading\"><a href=\"https:\/\/www.vhs-gerlingen.de\/\">VHS Gerlingen:<\/a> <strong> Neuer Erstorientierungskurs verschoben auf Januar (bisher zu wenig Anmeldungen)<\/strong><\/h4>\n\n\n\n<h4 class=\"wp-block-heading\"><strong>Flyer in sehr vielen Sprachen<\/strong>: <strong><a href=\"https:\/\/www.bamf.de\/SharedDocs\/Anlagen\/DE\/Integration\/Erstorientierung\/flyer-erstorientierungskurse.html?nn=282388\">Infos Erstorientierungskurs<\/a><\/strong><\/h4>\n\n\n\n<h4 class=\"wp-block-heading\">Flyer BAMF: <a href=\"https:\/\/www.bamf.de\/SharedDocs\/Anlagen\/DE\/Integration\/FlyerIntegrationskurse\/flyer-integrationskurse.html\">Infos Integrationskurse<\/a><\/h4>\n\n\n\n<p><strong><a href=\"https:\/\/www.youtube.com\/@asylnet1051\">Schulungsvideos zu Asylrecht<\/a><\/strong><\/p>\n\n\n\n<p><strong><a href=\"https:\/\/www.fkasyl.de\/wp-content\/uploads\/2024\/05\/Aufgabenbeschreibung-Sozialer-Dienst-Asyl-.pptx\">Aufgaben der SozialarbeiterInnen<\/a><\/strong><\/p>\n\n\n\n<div class=\"wp-block-columns is-layout-flex wp-container-core-columns-is-layout-28f84493 wp-block-columns-is-layout-flex\">\n<div class=\"wp-block-column is-layout-flow wp-block-column-is-layout-flow\">\n<p class=\"has-text-align-center has-black-color has-text-color has-background has-large-font-size\" style=\"background-color:#30008273\"><a href=\"https:\/\/www.fkasyl.de\/?page_id=4176\"><strong>Stellen Sie sich vor<\/strong>&#8230;<\/a> <\/p>\n\n\n\n<div class=\"wp-block-columns is-layout-flex wp-container-core-columns-is-layout-28f84493 wp-block-columns-is-layout-flex\">\n<div class=\"wp-block-column is-layout-flow wp-block-column-is-layout-flow\">\n<p class=\"has-text-align-center has-black-color has-text-color has-background has-large-font-size\" style=\"background-color:#39cc779c\">  <a href=\"https:\/\/www.fkasyl.de\/?page_id=4195\" data-type=\"page\" data-id=\"4195\"><strong>Wo bekomme ich Beratung<\/strong> <\/a><\/p>\n<\/div>\n<\/div>\n<\/div>\n\n\n\n<div class=\"wp-block-column is-layout-flow wp-block-column-is-layout-flow\">\n<p class=\"has-text-align-center has-black-color has-text-color has-background has-large-font-size\" style=\"background-color:#e6394845\">  <strong><a href=\"https:\/\/www.fkasyl.de\/?page_id=51\">Der Freundeskreis Gerlingen<\/a><\/strong>                                                  <\/p>\n\n\n\n<p class=\"has-text-align-center has-black-color has-text-color has-background has-large-font-size\" style=\"background-color:#6539cc59\"><strong><a href=\"https:\/\/www.fkasyl.de\/?page_id=1721\">Wichtige Webadressen<\/a><\/strong><\/p>\n<\/div>\n\n\n\n<div class=\"wp-block-column is-layout-flow wp-block-column-is-layout-flow\">\n<p class=\"has-text-align-center has-black-color has-text-color has-background has-large-font-size\" style=\"background-color:#00827e57\"><a href=\"https:\/\/www.fkasyl.de\/?page_id=3425\"><strong>Aktuelles und Wichtiges<\/strong> <\/a><\/p>\n\n\n\n<p class=\"has-text-align-center has-black-color has-text-color has-background has-large-font-size\" style=\"background-color:#ffd1035c\"><strong><a href=\"https:\/\/www.fkasyl.de\/?page_id=3817\">Ukrainehilfe Gerlingen<\/a><\/strong><\/p>\n<\/div>\n<\/div>\n\n\n\n<div class=\"wp-block-columns is-layout-flex wp-container-core-columns-is-layout-28f84493 wp-block-columns-is-layout-flex\">\n<div class=\"wp-block-column is-layout-flow wp-block-column-is-layout-flow\">\n<p class=\"has-text-align-center has-background has-large-font-size\" style=\"background-color:#f707517d\"><strong><a href=\"https:\/\/www.fkasyl.de\/?page_id=66\">Begleiter*in f\u00fcr Gefl\u00fcchtete<\/a><\/strong><\/p>\n<\/div>\n\n\n\n<div class=\"wp-block-column is-layout-flow wp-block-column-is-layout-flow\">\n<p class=\"has-text-align-center has-background has-large-font-size\" style=\"background-color:#e66d39bd\"><strong><a href=\"https:\/\/www.fkasyl.de\/?page_id=1440\">Deutschkurse<\/a><\/strong><\/p>\n<\/div>\n\n\n\n<div class=\"wp-block-column is-layout-flow wp-block-column-is-layout-flow\">\n<p class=\"has-text-align-center has-background has-large-font-size\" style=\"background-color:#e63948d6\"><strong><a href=\"https:\/\/www.fkasyl.de\/?page_id=53\">Preiswerte Angebote<\/a><\/strong><\/p>\n<\/div>\n<\/div>\n\n\n\n<div class=\"wp-block-columns is-layout-flex wp-container-core-columns-is-layout-28f84493 wp-block-columns-is-layout-flex\">\n<div class=\"wp-block-column is-layout-flow wp-block-column-is-layout-flow\">\n<p class=\"has-text-align-center has-background has-large-font-size\" style=\"background-color:#e339e661\"><a href=\"https:\/\/www.fkasyl.de\/?page_id=1902\"> <strong>Begegnung und Ausfl\u00fcge<\/strong> <\/a><\/p>\n<\/div>\n\n\n\n<div class=\"wp-block-column is-layout-flow wp-block-column-is-layout-flow\">\n<p class=\"has-text-align-center has-background has-large-font-size\" style=\"background-color:#a2ff0366\"><strong><a href=\"https:\/\/www.fkasyl.de\/?page_id=1115\">Begleitung von Kindern<\/a><\/strong><\/p>\n<\/div>\n\n\n\n<div class=\"wp-block-column is-layout-flow wp-block-column-is-layout-flow\">\n<p class=\"has-text-align-center has-background has-large-font-size\" style=\"background-color:#0076b533\"><strong><a href=\"https:\/\/www.fkasyl.de\/?page_id=3806\">Aktionen, Veranstaltungen<\/a><\/strong><\/p>\n<\/div>\n<\/div>\n\n\n\n<h2 class=\"wp-block-heading\">Unsere Partner und Sponsoren<\/h2>\n\n\n\n<div class=\"wp-block-columns is-layout-flex wp-container-core-columns-is-layout-28f84493 wp-block-columns-is-layout-flex\">\n<div class=\"wp-block-column is-layout-flow wp-block-column-is-layout-flow\">\n<div class=\"wp-block-media-text alignwide is-stacked-on-mobile\" style=\"grid-template-columns:60% auto\"><figure class=\"wp-block-media-text__media\"><img loading=\"lazy\" decoding=\"async\" width=\"310\" height=\"94\" src=\"https:\/\/www.fkasyl.de\/wp-content\/uploads\/2023\/01\/Rotary.png\" alt=\"\" class=\"wp-image-4588 size-full\" srcset=\"https:\/\/www.fkasyl.de\/wp-content\/uploads\/2023\/01\/Rotary.png 310w, https:\/\/www.fkasyl.de\/wp-content\/uploads\/2023\/01\/Rotary-300x91.png 300w\" sizes=\"auto, (max-width: 310px) 100vw, 310px\" \/><\/figure><div class=\"wp-block-media-text__content\">\n<p>     <strong>Schwimmkurse<\/strong><\/p>\n<\/div><\/div>\n<\/div>\n\n\n\n<div class=\"wp-block-column is-layout-flow wp-block-column-is-layout-flow\">\n<h2 class=\"wp-block-heading has-text-align-center\">Stadt Gerlingen<\/h2>\n<\/div>\n\n\n\n<div class=\"wp-block-column is-layout-flow wp-block-column-is-layout-flow\">\n<div class=\"wp-block-media-text alignwide is-stacked-on-mobile\" style=\"grid-template-columns:30% auto\"><figure class=\"wp-block-media-text__media\"><img loading=\"lazy\" decoding=\"async\" width=\"150\" height=\"150\" src=\"https:\/\/www.fkasyl.de\/wp-content\/uploads\/2023\/01\/MMZ.jpg\" alt=\"\" class=\"wp-image-4589 size-full\"\/><\/figure><div class=\"wp-block-media-text__content\">\n<p class=\"has-text-align-center\"><strong>Bietet uns R\u00e4ume f\u00fcr Begegnung<\/strong><\/p>\n<\/div><\/div>\n<\/div>\n<\/div>\n\n\n\n<h2 class=\"wp-block-heading\"><strong>Gesucht: <\/strong><\/h2>\n\n\n\n<p><a href=\"https:\/\/www.fkasyl.de\/wp-content\/uploads\/2022\/10\/EOK-Lehrkraefte-gesucht.pdf\"><strong>DAF-Lehrkr\u00e4fte bei der VHS f\u00fcr Erstorientierungskurse gesucht<\/strong><\/a><\/p>\n\n\n\n<h2 class=\"wp-block-heading\"><span style=\"color: #3366ff;\"><mark style=\"background-color:rgba(0, 0, 0, 0)\" class=\"has-inline-color has-secondary-color\"><strong>Wir suchen immer Unterst\u00fctzung \/ Helfer*innen<\/strong> <strong>sowie Ausbildungs- und Arbeitspl\u00e4tze:<\/strong><\/mark><\/span><\/h2>\n\n\n\n<p>Nachhilfe bei Kindern, Sprachunterst\u00fctzung f\u00fcr Erwachsene, Begleitung von Fl\u00fcchtlingen. Wenn Sie mithelfen m\u00f6chten oder Pl\u00e4tze anzubieten haben, schreiben Sie bitte an<strong> <a href=\"mailto:info@fkasyl.de\">info@fkasyl.de<\/a><\/strong><\/p>\n\n\n\n<hr class=\"wp-block-separator has-alpha-channel-opacity\"\/>\n\n\n\n<p class=\"has-accent-color has-text-color\"><span style=\"color: #ff0000;\">Bitte beachten Sie, dass Informationen auf dieser Website zum Teil veraltet sein k\u00f6nnen. Ich betreibe sie allein als Ehrenamtliche und schaffe es nicht, alles st\u00e4ndig zu aktualisieren. Deshalb k\u00f6nnen wir keine Verantwortung f\u00fcr die Richtigkeit der Informationen \u00fcbernehmen. Ich danke f\u00fcr Ihr Verst\u00e4ndnis<\/span> !<\/p>\n\n\n\n<p><span style=\"color: #ff0000;\"> Barbara Baydur<br><\/span><\/p>\n","protected":false},"excerpt":{"rendered":"<p>Austauschtreffen 20. M\u00e4rz 26 Familienzentrum Sprachcafe im Hirsch: 19.03, 16.04., 07.05., 18.06., 09.07. 2026 Deutsch-Hilfe in der Unterkunft Siemensstra\u00dfe (Begleitung [&hellip;]<\/p>\n","protected":false},"author":16,"featured_media":0,"parent":0,"menu_order":0,"comment_status":"closed","ping_status":"closed","template":"page-fullwidth","meta":{"ngg_post_thumbnail":0,"footnotes":""},"class_list":["post-5","page","type-page","status-publish","hentry"],"_links":{"self":[{"href":"https:\/\/www.fkasyl.de\/index.php?rest_route=\/wp\/v2\/pages\/5","targetHints":{"allow":["GET"]}}],"collection":[{"href":"https:\/\/www.fkasyl.de\/index.php?rest_route=\/wp\/v2\/pages"}],"about":[{"href":"https:\/\/www.fkasyl.de\/index.php?rest_route=\/wp\/v2\/types\/page"}],"author":[{"embeddable":true,"href":"https:\/\/www.fkasyl.de\/index.php?rest_route=\/wp\/v2\/users\/16"}],"replies":[{"embeddable":true,"href":"https:\/\/www.fkasyl.de\/index.php?rest_route=%2Fwp%2Fv2%2Fcomments&post=5"}],"version-history":[{"count":481,"href":"https:\/\/www.fkasyl.de\/index.php?rest_route=\/wp\/v2\/pages\/5\/revisions"}],"predecessor-version":[{"id":5004,"href":"https:\/\/www.fkasyl.de\/index.php?rest_route=\/wp\/v2\/pages\/5\/revisions\/5004"}],"wp:attachment":[{"href":"https:\/\/www.fkasyl.de\/index.php?rest_route=%2Fwp%2Fv2%2Fmedia&parent=5"}],"curies":[{"name":"wp","href":"https:\/\/api.w.org\/{rel}","templated":true}]}}